{"id":2422,"date":"2025-11-18T17:37:34","date_gmt":"2025-11-18T16:37:34","guid":{"rendered":"https:\/\/agrifoodtalent.eu\/?page_id=2422"},"modified":"2025-11-19T11:17:16","modified_gmt":"2025-11-19T10:17:16","slug":"events","status":"publish","type":"page","link":"https:\/\/agrifoodtalent.eu\/fr\/events\/","title":{"rendered":"\u00c9v\u00e9nements"},"content":{"rendered":"<div data-elementor-type=\"wp-page\" data-elementor-id=\"2422\" class=\"elementor elementor-2422\">\n\t\t\t\t<div class=\"elementor-element elementor-element-f00aa6a e-flex e-con-boxed e-con e-parent\" data-id=\"f00aa6a\" data-element_type=\"container\" data-e-type=\"container\">\n\t\t\t\t\t<div class=\"e-con-inner\">\n\t\t<div class=\"elementor-element elementor-element-840fb8c e-con-full e-flex e-con e-child\" data-id=\"840fb8c\" data-element_type=\"container\" data-e-type=\"container\">\n\t\t\t\t<div class=\"elementor-element elementor-element-9d05139 elementor-absolute e-transform elementor-widget elementor-widget-image\" data-id=\"9d05139\" data-element_type=\"widget\" data-e-type=\"widget\" data-settings=\"{&quot;_position&quot;:&quot;absolute&quot;,&quot;_transform_scale_effect&quot;:{&quot;unit&quot;:&quot;px&quot;,&quot;size&quot;:1.6,&quot;sizes&quot;:[]},&quot;_transform_scale_effect_tablet&quot;:{&quot;unit&quot;:&quot;px&quot;,&quot;size&quot;:&quot;&quot;,&quot;sizes&quot;:[]},&quot;_transform_scale_effect_mobile&quot;:{&quot;unit&quot;:&quot;px&quot;,&quot;size&quot;:&quot;&quot;,&quot;sizes&quot;:[]}}\" data-widget_type=\"image.default\">\n\t\t\t\t\t\t\t\t\t\t\t\t\t\t\t<img decoding=\"async\" width=\"172\" height=\"174\" src=\"https:\/\/agrifoodtalent.eu\/wp-content\/uploads\/2025\/10\/orange-star-1.webp\" class=\"attachment-large size-large wp-image-259\" alt=\"\u00e9toile jaune\" \/>\t\t\t\t\t\t\t\t\t\t\t\t\t\t\t<\/div>\n\t\t\t\t<\/div>\n\t\t\t\t<div class=\"elementor-element elementor-element-7b1927a elementor-widget elementor-widget-heading\" data-id=\"7b1927a\" data-element_type=\"widget\" data-e-type=\"widget\" data-widget_type=\"heading.default\">\n\t\t\t\t\t<h1 class=\"elementor-heading-title elementor-size-default\">\u00c9v\u00e9nements<\/h1>\t\t\t\t<\/div>\n\t\t\t\t<div class=\"elementor-element elementor-element-e65f312 elementor-widget__width-initial elementor-widget elementor-widget-text-editor\" data-id=\"e65f312\" data-element_type=\"widget\" data-e-type=\"widget\" data-widget_type=\"text-editor.default\">\n\t\t\t\t\t\t\t\t\t<p>Tenez-vous au courant des derniers d\u00e9veloppements, jalons et \u00e9v\u00e9nements du projet TAURUS.<\/p>\t\t\t\t\t\t\t\t<\/div>\n\t\t\t\t<div class=\"elementor-element elementor-element-55a7845 elementor-widget elementor-widget-shortcode\" data-id=\"55a7845\" data-element_type=\"widget\" data-e-type=\"widget\" data-widget_type=\"shortcode.default\">\n\t\t\t\t\t\t\t<div class=\"elementor-shortcode\"><style id=\"sp_pcp_dynamic_style2448\">#pcp_wrapper-2448:not(.sps-glossary-layout) .sp-pcp-row,#pcp_wrapper-2448 .sps-glossary-items-group .sps-glossary-items-content {margin-right: -10px;margin-left: -10px;}#pcp_wrapper-2448 .sp-pcp-row [class*='sp-pcp-col-']{padding-right: 10px;padding-left: 10px; padding-bottom:20px;}.pcp-wrapper-2448 .sp-pcp-title a {color: #111;display: inherit;} .pcp-wrapper-2448 .sp-pcp-title a:hover {color: #027f73;}.pcp-wrapper-2448 .sp-pcp-post-content{color: #444; }#pcp_wrapper-2448 .sp-pcp-post {padding: 20px 30px 20px 30px;}#pcp_wrapper-2448.sp-slider_layout .sp-pcp-post .sp-pcp-post-details {top: 20px; right:30px; bottom:20px; left:30px;}#pcp_wrapper-2448 .sp-pcp-post {border: 1px solid #027f73; border-radius: 10px }#pcp_wrapper-2448 .sp-pcp-post{background-color: #ffffff;}#pcp_wrapper-2448 .pcp-post-thumb-wrapper{border: 10px solid #027f73;border-radius:10px;}.pcp-wrapper-2448 .sp-pcp-post-meta li,.pcp-wrapper-2448 .sp-pcp-post-meta ul,.pcp-wrapper-2448 .sp-pcp-post-meta li a{color: #888;}.pcp-wrapper-2448 .sp-pcp-post-meta li a:hover{color: #027f73;}#pcp_wrapper-2448 .pcp-readmore-link{ background: #027f73; color: #ffffff; border: 1px solid #027f73; border-radius: 10px; } #pcp_wrapper-2448 .pcp-readmore-link:hover { background-color: #06baa9; color: #fff; border-color: #06baa9; }#pcp_wrapper-2448 .pcp-post-pagination .page-numbers.current, #pcp_wrapper-2448 .pcp-post-pagination a.active , #pcp_wrapper-2448 .pcp-post-pagination a:hover{ color: #ffffff; background: #027f73; border-color: #027f73; }#pcp_wrapper-2448 .pcp-post-pagination .page-numbers, .pcp-post-pagination a{ background: #ffffff; color:#5e5e5e; border: 2px solid #bbbbbb;border-radius: 2px; }#pcp_wrapper-2448 .pcp-post-pagination{text-align: left;}@media (min-width: 1200px) {.sp-pcp-row .sp-pcp-col-xl-1 {flex: 0 0 100%;}.sp-pcp-row .sp-pcp-col-xl-2 {flex: 1 1 calc( 50% - 20px);}.sp-pcp-row .sp-pcp-col-xl-3 {flex: 1 1 calc( 33.333% - 20px);}.sp-pcp-row .sp-pcp-col-xl-4 {flex: 1 1 calc( 25% - 20px);}.sp-pcp-row .sp-pcp-col-xl-5 { flex: 1 1 calc( 20% - 20px);}.sp-pcp-row .sp-pcp-col-xl-6 {flex: 1 1 calc( 16.66666666666667% - 20px);}.sp-pcp-row .sp-pcp-col-xl-7 {flex: 1 1 calc( 14.28571428% - 20px);}.sp-pcp-row .sp-pcp-col-xl-8 {flex: 1 1 calc( 12.5% - 20px);}}@media (max-width: 1200px) {.sp-pcp-row .sp-pcp-col-lg-1 {flex: 0 0 100%;}.sp-pcp-row .sp-pcp-col-lg-2 {flex: 1 1 calc( 50% - 20px);}.sp-pcp-row .sp-pcp-col-lg-3 {flex: 1 1 calc( 33.333% - 20px);}.sp-pcp-row .sp-pcp-col-lg-4 {flex: 1 1 calc( 25% - 20px);}.sp-pcp-row .sp-pcp-col-lg-5 { flex: 1 1 calc( 20% - 20px);}.sp-pcp-row .sp-pcp-col-lg-6 {flex: 1 1 calc( 16.66666666666667% - 20px);}.sp-pcp-row .sp-pcp-col-lg-7 {flex: 1 1 calc( 14.28571428% - 20px);}.sp-pcp-row .sp-pcp-col-lg-8 {flex: 1 1 calc( 12.5% - 20px);}}@media (max-width: 992px) {.sp-pcp-row .sp-pcp-col-md-1 {flex: 0 0 100%;}.sp-pcp-row .sp-pcp-col-md-2 {flex: 1 1 calc( 50% - 20px);}.sp-pcp-row .sp-pcp-col-md-2-5 {flex: 0 0 75%;}.sp-pcp-row .sp-pcp-col-md-3 {flex: 1 1 calc( 33.333% - 20px);}.sp-pcp-row .sp-pcp-col-md-4 {flex: 1 1 calc( 25% - 20px);}.sp-pcp-row .sp-pcp-col-md-5 { flex: 1 1 calc( 20% - 20px);}.sp-pcp-row .sp-pcp-col-md-6 {flex: 1 1 calc( 16.66666666666667% - 20px);}.sp-pcp-row .sp-pcp-col-md-7 {flex: 1 1 calc( 14.28571428% - 20px);}.sp-pcp-row .sp-pcp-col-md-8 {flex: 1 1 calc( 12.5% - 20px);}}@media (max-width: 768px) {.sp-pcp-row .sp-pcp-col-sm-1 {flex: 0 0 100%;}.sp-pcp-row .sp-pcp-col-sm-2 {flex: 1 1 calc( 50% - 20px);}.sp-pcp-row .sp-pcp-col-sm-2-5 {flex: 0 0 75%;}.sp-pcp-row .sp-pcp-col-sm-3 {flex: 1 1 calc( 33.333% - 20px);}.sp-pcp-row .sp-pcp-col-sm-4 {flex: 1 1 calc( 25% - 20px);}.sp-pcp-row .sp-pcp-col-sm-5 { flex: 1 1 calc( 20% - 20px);}.sp-pcp-row .sp-pcp-col-sm-6 {flex: 1 1 calc( 16.66666666666667% - 20px);}.sp-pcp-row .sp-pcp-col-sm-7 {flex: 1 1 calc( 14.28571428% - 20px);}.sp-pcp-row .sp-pcp-col-sm-8 {flex: 1 1 calc( 12.5% - 20px);}}@media (max-width: 420px) {.sp-pcp-row .sp-pcp-col-xs-1 {flex: 0 0 100%;}.sp-pcp-row .sp-pcp-col-xs-2 {flex: 1 1 calc( 50% - 20px);}.sp-pcp-row .sp-pcp-col-xs-3 {flex: 1 1 calc( 33.333% - 20px);}.sp-pcp-row .sp-pcp-col-xs-4 {flex: 1 1 calc( 25% - 20px);}.sp-pcp-row .sp-pcp-col-xs-5 { flex: 1 1 calc( 20% - 20px);}.sp-pcp-row .sp-pcp-col-xs-6 {flex: 1 1 calc( 16.66666666666667% - 20px);}.sp-pcp-row .sp-pcp-col-xs-7 {flex: 1 1 calc( 14.28571428% - 20px);}.sp-pcp-row .sp-pcp-col-xs-8 {flex: 1 1 calc( 12.5% - 20px);}}<\/style>\n<div id=\"pcp_wrapper-2448\" class=\"sp-pcp-section sp-pcp-container pcp-wrapper-2448\">\n\t<div class=\"sp-pcp-row\">\n\t\t\t\t<div class=\"sp-pcp-col-xs-1 sp-pcp-col-sm-1 sp-pcp-col-md-2 sp-pcp-col-lg-3 sp-pcp-col-xl-3\">\n\t\t\t<div class=\"sp-pcp-post default pcp-item-2439\" data-id=\"2439\">\n\t\t\t\t\t\t\t\t<div class=\"pcp-post-thumb-wrapper\">\n\t\t\t\t\t<div class=\"sp-pcp-post-thumb-area\">\n\t\t\t\t\t\t\t\t\t\t\t\t<a class=\"sp-pcp-thumb\" href=\"https:\/\/agrifoodtalent.eu\/fr\/2025\/11\/18\/1st-assembly-meeting\/\" target=\"_self\" >\n\t\t\t\t\t\t\t\t\t\t\t\t\t<img fetchpriority=\"high\" decoding=\"async\" src=\"https:\/\/agrifoodtalent.eu\/wp-content\/uploads\/2025\/11\/event-taurus-768x401.jpg\" width=\"768\" height=\"401\" alt=\"\u00e9v\u00e9nement-taurus\">\n\t\t\t\t\t\t<\/a>\n\t\t\t\t\t<\/div>\n\t\t\t\t<\/div>\n\t\t\t\t\t\t\t\t<div class=\"sp-pcp-post-details\">\n\t\t\t\t\t<div class=\"sp-pcp-post-details-content\">\n\t\t\t\t\t\t\t\t<h2 class=\"sp-pcp-title\">\n\t\t\t\t\t\t\t\t\t<a href=\"https:\/\/agrifoodtalent.eu\/fr\/2025\/11\/18\/1st-assembly-meeting\/\"  target=\"_self\">1\u00e8re r\u00e9union de l'Assembl\u00e9e<\/a>\t\t\t\t\t\t\t<\/h2>\n\t\t\t\t\t\t<div class=\"sp-pcp-post-meta\">\n\t\t\t<ul><li>\t\t\t\t\t<i class=\"fa fa-user\"><\/i>\n\t\t\t\t\t<a href=\"https:\/\/agrifoodtalent.eu\/fr\/author\/accadmin\/\"\n\t\t\t\t\t\trel=\"author\">accadmin<\/a>\n\t\t\t\t\t<\/li> <li>\t\t\t\t\t<i class=\"fa fa-calendar\"><\/i>\n\t\t\t\t\t<time class=\"entry-date published updated\">18 novembre de 2025<\/time>\n\t\t\t\t\t<\/li> <li>\t\t\t\t\t\t<i class=\"fa fa-comments-o\"><\/i>\n\t\t\t\t\t\t\t<a href=\"https:\/\/agrifoodtalent.eu\/fr\/2025\/11\/18\/1st-assembly-meeting\/\">0<\/a>\n\t\t\t\t\t\t<\/li><\/ul>\t\t<\/div>\n\t\t\t\t\t<div class=\"sp-pcp-post-content\">\n\t\t\t<p>L'\u00c9cole des Ponts Business School \u00e9tait fi\u00e8re d'accueillir la journ\u00e9e d'ouverture du TAURUS Project-Talent Accelerator for the agrifood food manufactUring industRy 1st Assembly Meeting, r\u00e9unissant des partenaires europ\u00e9ens pour faire progresser l'innovation, la num\u00e9risation et le d\u00e9veloppement des comp\u00e9tences dans le secteur de la fabrication agroalimentaire. La journ\u00e9e a commenc\u00e9 par un accueil chaleureux du Dr Giorgos Dimitriou et [...]<\/p>\n\t\t<div class=\"sp-pcp-readmore\">\n\t\t\t\t\t\t\t<a class=\"pcp-readmore-link\" target=\"_self\" href=\"https:\/\/agrifoodtalent.eu\/fr\/2025\/11\/18\/1st-assembly-meeting\/\" >\n\t\t\t\t\t\tEn savoir plus <\/a>\n\t\t<\/div>\n\t\t\t\t\t<\/div>\n\t\t\t\t\t\t\t\t<\/div>\n\t\t\t\t<\/div>\n\t\t\t<\/div>\n\t\t<\/div>\n\t\t\t<\/div>\n\t\t<span class=\"sp-pcp-pagination-data\" style=\"display:none;\"><\/span>\n\n\t\t<nav class=\"pcp-post-pagination pcp-on-desktop\">\n\t\t\t\t\t<\/nav>\n\t\t\t\t\t<nav class=\"pcp-post-pagination pcp-on-mobile\">\n\t\t\t\t\t<\/nav>\n\t\t\t\t<\/div>\n<\/div>\n\t\t\t\t\t\t<\/div>\n\t\t\t\t\t<\/div>\n\t\t\t\t<\/div>\n\t\t<div class=\"elementor-element elementor-element-af4e9f8 e-flex e-con-boxed e-con e-parent\" data-id=\"af4e9f8\" data-element_type=\"container\" data-e-type=\"container\">\n\t\t\t\t\t<div class=\"e-con-inner\">\n\t\t\t\t<div class=\"elementor-element elementor-element-77e1b4d elementor-widget elementor-widget-spacer\" data-id=\"77e1b4d\" data-element_type=\"widget\" data-e-type=\"widget\" data-widget_type=\"spacer.default\">\n\t\t\t\t\t\t\t<div class=\"elementor-spacer\">\n\t\t\t<div class=\"elementor-spacer-inner\"><\/div>\n\t\t<\/div>\n\t\t\t\t\t\t<\/div>\n\t\t\t\t\t<\/div>\n\t\t\t\t<\/div>\n\t\t\t\t<\/div>","protected":false},"excerpt":{"rendered":"<p>Tenez-vous au courant des derniers d\u00e9veloppements, jalons et \u00e9v\u00e9nements de la TAURUS projet.<\/p>","protected":false},"author":1,"featured_media":0,"parent":0,"menu_order":0,"comment_status":"closed","ping_status":"closed","template":"","meta":{"footnotes":""},"class_list":["post-2422","page","type-page","status-publish","hentry"],"yoast_head":"<!-- This site is optimized with the Yoast SEO plugin v27.4 - https:\/\/yoast.com\/product\/yoast-seo-wordpress\/ -->\n<title>Events - Taurus<\/title>\n<meta name=\"robots\" content=\"index, follow, max-snippet:-1, max-image-preview:large, max-video-preview:-1\" \/>\n<link rel=\"canonical\" href=\"https:\/\/agrifoodtalent.eu\/fr\/events\/\" \/>\n<meta property=\"og:locale\" content=\"fr_FR\" \/>\n<meta property=\"og:type\" content=\"article\" \/>\n<meta property=\"og:title\" content=\"Events - Taurus\" \/>\n<meta property=\"og:description\" content=\"Events Stay up-to-date with the latest developments, milestones, and events from the TAURUS project.\" \/>\n<meta property=\"og:url\" content=\"https:\/\/agrifoodtalent.eu\/fr\/events\/\" \/>\n<meta property=\"og:site_name\" content=\"Taurus\" \/>\n<meta property=\"article:modified_time\" content=\"2025-11-19T10:17:16+00:00\" \/>\n<meta property=\"og:image\" content=\"https:\/\/agrifoodtalent.eu\/wp-content\/uploads\/2025\/10\/orange-star-1.webp\" \/>\n\t<meta property=\"og:image:width\" content=\"172\" \/>\n\t<meta property=\"og:image:height\" content=\"174\" \/>\n\t<meta property=\"og:image:type\" content=\"image\/webp\" \/>\n<meta name=\"twitter:card\" content=\"summary_large_image\" \/>\n<meta name=\"twitter:label1\" content=\"Dur\u00e9e de lecture estim\u00e9e\" \/>\n\t<meta name=\"twitter:data1\" content=\"1 minute\" \/>\n<script type=\"application\/ld+json\" class=\"yoast-schema-graph\">{\"@context\":\"https:\\\/\\\/schema.org\",\"@graph\":[{\"@type\":\"WebPage\",\"@id\":\"https:\\\/\\\/agrifoodtalent.eu\\\/events\\\/\",\"url\":\"https:\\\/\\\/agrifoodtalent.eu\\\/events\\\/\",\"name\":\"Events - Taurus\",\"isPartOf\":{\"@id\":\"https:\\\/\\\/agrifoodtalent.eu\\\/#website\"},\"primaryImageOfPage\":{\"@id\":\"https:\\\/\\\/agrifoodtalent.eu\\\/events\\\/#primaryimage\"},\"image\":{\"@id\":\"https:\\\/\\\/agrifoodtalent.eu\\\/events\\\/#primaryimage\"},\"thumbnailUrl\":\"https:\\\/\\\/agrifoodtalent.eu\\\/wp-content\\\/uploads\\\/2025\\\/10\\\/orange-star-1.webp\",\"datePublished\":\"2025-11-18T16:37:34+00:00\",\"dateModified\":\"2025-11-19T10:17:16+00:00\",\"breadcrumb\":{\"@id\":\"https:\\\/\\\/agrifoodtalent.eu\\\/events\\\/#breadcrumb\"},\"inLanguage\":\"fr-FR\",\"potentialAction\":[{\"@type\":\"ReadAction\",\"target\":[\"https:\\\/\\\/agrifoodtalent.eu\\\/events\\\/\"]}]},{\"@type\":\"ImageObject\",\"inLanguage\":\"fr-FR\",\"@id\":\"https:\\\/\\\/agrifoodtalent.eu\\\/events\\\/#primaryimage\",\"url\":\"https:\\\/\\\/agrifoodtalent.eu\\\/wp-content\\\/uploads\\\/2025\\\/10\\\/orange-star-1.webp\",\"contentUrl\":\"https:\\\/\\\/agrifoodtalent.eu\\\/wp-content\\\/uploads\\\/2025\\\/10\\\/orange-star-1.webp\"},{\"@type\":\"BreadcrumbList\",\"@id\":\"https:\\\/\\\/agrifoodtalent.eu\\\/events\\\/#breadcrumb\",\"itemListElement\":[{\"@type\":\"ListItem\",\"position\":1,\"name\":\"Portada\",\"item\":\"https:\\\/\\\/agrifoodtalent.eu\\\/\"},{\"@type\":\"ListItem\",\"position\":2,\"name\":\"Events\"}]},{\"@type\":\"WebSite\",\"@id\":\"https:\\\/\\\/agrifoodtalent.eu\\\/#website\",\"url\":\"https:\\\/\\\/agrifoodtalent.eu\\\/\",\"name\":\"Taurus\",\"description\":\"Talent Accelerator for the agrifood manufacturing industry:  Re-skilling and Up-skilling of European workers.\",\"publisher\":{\"@id\":\"https:\\\/\\\/agrifoodtalent.eu\\\/#organization\"},\"potentialAction\":[{\"@type\":\"SearchAction\",\"target\":{\"@type\":\"EntryPoint\",\"urlTemplate\":\"https:\\\/\\\/agrifoodtalent.eu\\\/?s={search_term_string}\"},\"query-input\":{\"@type\":\"PropertyValueSpecification\",\"valueRequired\":true,\"valueName\":\"search_term_string\"}}],\"inLanguage\":\"fr-FR\"},{\"@type\":\"Organization\",\"@id\":\"https:\\\/\\\/agrifoodtalent.eu\\\/#organization\",\"name\":\"Taurus\",\"url\":\"https:\\\/\\\/agrifoodtalent.eu\\\/\",\"logo\":{\"@type\":\"ImageObject\",\"inLanguage\":\"fr-FR\",\"@id\":\"https:\\\/\\\/agrifoodtalent.eu\\\/#\\\/schema\\\/logo\\\/image\\\/\",\"url\":\"https:\\\/\\\/agrifoodtalent.eu\\\/wp-content\\\/uploads\\\/2025\\\/10\\\/cropped-Favicon-verd-i-taronja.jpg\",\"contentUrl\":\"https:\\\/\\\/agrifoodtalent.eu\\\/wp-content\\\/uploads\\\/2025\\\/10\\\/cropped-Favicon-verd-i-taronja.jpg\",\"width\":512,\"height\":512,\"caption\":\"Taurus\"},\"image\":{\"@id\":\"https:\\\/\\\/agrifoodtalent.eu\\\/#\\\/schema\\\/logo\\\/image\\\/\"}}]}<\/script>\n<!-- \/ Yoast SEO plugin. -->","yoast_head_json":{"title":"Events - Taurus","robots":{"index":"index","follow":"follow","max-snippet":"max-snippet:-1","max-image-preview":"max-image-preview:large","max-video-preview":"max-video-preview:-1"},"canonical":"https:\/\/agrifoodtalent.eu\/fr\/events\/","og_locale":"fr_FR","og_type":"article","og_title":"Events - Taurus","og_description":"Events Stay up-to-date with the latest developments, milestones, and events from the TAURUS project.","og_url":"https:\/\/agrifoodtalent.eu\/fr\/events\/","og_site_name":"Taurus","article_modified_time":"2025-11-19T10:17:16+00:00","og_image":[{"width":172,"height":174,"url":"https:\/\/agrifoodtalent.eu\/wp-content\/uploads\/2025\/10\/orange-star-1.webp","type":"image\/webp"}],"twitter_card":"summary_large_image","twitter_misc":{"Dur\u00e9e de lecture estim\u00e9e":"1 minute"},"schema":{"@context":"https:\/\/schema.org","@graph":[{"@type":"WebPage","@id":"https:\/\/agrifoodtalent.eu\/events\/","url":"https:\/\/agrifoodtalent.eu\/events\/","name":"Events - Taurus","isPartOf":{"@id":"https:\/\/agrifoodtalent.eu\/#website"},"primaryImageOfPage":{"@id":"https:\/\/agrifoodtalent.eu\/events\/#primaryimage"},"image":{"@id":"https:\/\/agrifoodtalent.eu\/events\/#primaryimage"},"thumbnailUrl":"https:\/\/agrifoodtalent.eu\/wp-content\/uploads\/2025\/10\/orange-star-1.webp","datePublished":"2025-11-18T16:37:34+00:00","dateModified":"2025-11-19T10:17:16+00:00","breadcrumb":{"@id":"https:\/\/agrifoodtalent.eu\/events\/#breadcrumb"},"inLanguage":"fr-FR","potentialAction":[{"@type":"ReadAction","target":["https:\/\/agrifoodtalent.eu\/events\/"]}]},{"@type":"ImageObject","inLanguage":"fr-FR","@id":"https:\/\/agrifoodtalent.eu\/events\/#primaryimage","url":"https:\/\/agrifoodtalent.eu\/wp-content\/uploads\/2025\/10\/orange-star-1.webp","contentUrl":"https:\/\/agrifoodtalent.eu\/wp-content\/uploads\/2025\/10\/orange-star-1.webp"},{"@type":"BreadcrumbList","@id":"https:\/\/agrifoodtalent.eu\/events\/#breadcrumb","itemListElement":[{"@type":"ListItem","position":1,"name":"Portada","item":"https:\/\/agrifoodtalent.eu\/"},{"@type":"ListItem","position":2,"name":"Events"}]},{"@type":"WebSite","@id":"https:\/\/agrifoodtalent.eu\/#website","url":"https:\/\/agrifoodtalent.eu\/","name":"Taurus","description":"Talent Accelerator for the agrifood manufacturing industry:  Re-skilling and Up-skilling of European workers.","publisher":{"@id":"https:\/\/agrifoodtalent.eu\/#organization"},"potentialAction":[{"@type":"SearchAction","target":{"@type":"EntryPoint","urlTemplate":"https:\/\/agrifoodtalent.eu\/?s={search_term_string}"},"query-input":{"@type":"PropertyValueSpecification","valueRequired":true,"valueName":"search_term_string"}}],"inLanguage":"fr-FR"},{"@type":"Organization","@id":"https:\/\/agrifoodtalent.eu\/#organization","name":"Taurus","url":"https:\/\/agrifoodtalent.eu\/","logo":{"@type":"ImageObject","inLanguage":"fr-FR","@id":"https:\/\/agrifoodtalent.eu\/#\/schema\/logo\/image\/","url":"https:\/\/agrifoodtalent.eu\/wp-content\/uploads\/2025\/10\/cropped-Favicon-verd-i-taronja.jpg","contentUrl":"https:\/\/agrifoodtalent.eu\/wp-content\/uploads\/2025\/10\/cropped-Favicon-verd-i-taronja.jpg","width":512,"height":512,"caption":"Taurus"},"image":{"@id":"https:\/\/agrifoodtalent.eu\/#\/schema\/logo\/image\/"}}]}},"_links":{"self":[{"href":"https:\/\/agrifoodtalent.eu\/fr\/wp-json\/wp\/v2\/pages\/2422","targetHints":{"allow":["GET"]}}],"collection":[{"href":"https:\/\/agrifoodtalent.eu\/fr\/wp-json\/wp\/v2\/pages"}],"about":[{"href":"https:\/\/agrifoodtalent.eu\/fr\/wp-json\/wp\/v2\/types\/page"}],"author":[{"embeddable":true,"href":"https:\/\/agrifoodtalent.eu\/fr\/wp-json\/wp\/v2\/users\/1"}],"replies":[{"embeddable":true,"href":"https:\/\/agrifoodtalent.eu\/fr\/wp-json\/wp\/v2\/comments?post=2422"}],"version-history":[{"count":22,"href":"https:\/\/agrifoodtalent.eu\/fr\/wp-json\/wp\/v2\/pages\/2422\/revisions"}],"predecessor-version":[{"id":2569,"href":"https:\/\/agrifoodtalent.eu\/fr\/wp-json\/wp\/v2\/pages\/2422\/revisions\/2569"}],"wp:attachment":[{"href":"https:\/\/agrifoodtalent.eu\/fr\/wp-json\/wp\/v2\/media?parent=2422"}],"curies":[{"name":"wp","href":"https:\/\/api.w.org\/{rel}","templated":true}]}}