{"id":183,"date":"2025-10-07T10:34:30","date_gmt":"2025-10-07T08:34:30","guid":{"rendered":"http:\/\/agrifoodtalent.eu\/?page_id=183"},"modified":"2025-10-28T17:29:15","modified_gmt":"2025-10-28T16:29:15","slug":"about-us","status":"publish","type":"page","link":"https:\/\/agrifoodtalent.eu\/fr\/about-us\/","title":{"rendered":"\u00c0 propos de nous"},"content":{"rendered":"<div data-elementor-type=\"wp-page\" data-elementor-id=\"183\" class=\"elementor elementor-183\">\n\t\t\t\t<div class=\"elementor-element elementor-element-ed9c6ea e-flex e-con-boxed e-con e-parent\" data-id=\"ed9c6ea\" data-element_type=\"container\" data-e-type=\"container\">\n\t\t\t\t\t<div class=\"e-con-inner\">\n\t\t\t\t<div class=\"elementor-element elementor-element-6b91786 elementor-widget elementor-widget-heading\" data-id=\"6b91786\" data-element_type=\"widget\" data-e-type=\"widget\" data-widget_type=\"heading.default\">\n\t\t\t\t\t<h2 class=\"elementor-heading-title elementor-size-default\">\u00c0 propos du TAURUS Projet<\/h2>\t\t\t\t<\/div>\n\t\t\t\t<div class=\"elementor-element elementor-element-d286b87 elementor-widget__width-initial elementor-widget elementor-widget-text-editor\" data-id=\"d286b87\" data-element_type=\"widget\" data-e-type=\"widget\" data-widget_type=\"text-editor.default\">\n\t\t\t\t\t\t\t\t\t<p>Le premier acc\u00e9l\u00e9rateur europ\u00e9en de talents pour l\u2019industrie agroalimentaire, con\u00e7u pour requalifier et perfectionner la main-d\u2019\u0153uvre pour relever les d\u00e9fis de l\u2019industrie 4.0 et 5.0.<\/p>\t\t\t\t\t\t\t\t<\/div>\n\t\t\t\t\t<\/div>\n\t\t\t\t<\/div>\n\t\t<div class=\"elementor-element elementor-element-ebe3980 e-flex e-con-boxed e-con e-parent\" data-id=\"ebe3980\" data-element_type=\"container\" data-e-type=\"container\">\n\t\t\t\t\t<div class=\"e-con-inner\">\n\t\t\t\t<div class=\"elementor-element elementor-element-72e44dc elementor-absolute e-transform elementor-widget elementor-widget-image\" data-id=\"72e44dc\" data-element_type=\"widget\" data-e-type=\"widget\" data-settings=\"{&quot;_position&quot;:&quot;absolute&quot;,&quot;_transform_rotateZ_effect&quot;:{&quot;unit&quot;:&quot;px&quot;,&quot;size&quot;:31,&quot;sizes&quot;:[]},&quot;_transform_rotateZ_effect_tablet&quot;:{&quot;unit&quot;:&quot;deg&quot;,&quot;size&quot;:&quot;&quot;,&quot;sizes&quot;:[]},&quot;_transform_rotateZ_effect_mobile&quot;:{&quot;unit&quot;:&quot;deg&quot;,&quot;size&quot;:&quot;&quot;,&quot;sizes&quot;:[]}}\" data-widget_type=\"image.default\">\n\t\t\t\t\t\t\t\t\t\t\t\t\t\t\t<img fetchpriority=\"high\" decoding=\"async\" width=\"247\" height=\"243\" src=\"https:\/\/agrifoodtalent.eu\/wp-content\/uploads\/2025\/10\/Screenshot_1-1.webp\" class=\"attachment-large size-large wp-image-312\" alt=\"Yellow_plane\" \/>\t\t\t\t\t\t\t\t\t\t\t\t\t\t\t<\/div>\n\t\t\t\t\t<\/div>\n\t\t\t\t<\/div>\n\t\t<div class=\"elementor-element elementor-element-ae61708 e-con-full e-flex elementor-invisible e-con e-parent\" data-id=\"ae61708\" data-element_type=\"container\" data-e-type=\"container\" data-settings=\"{&quot;animation&quot;:&quot;fadeInLeft&quot;}\">\n\t\t<div class=\"elementor-element elementor-element-6795c48 e-con-full e-transform us-card e-flex e-con e-child\" data-id=\"6795c48\" data-element_type=\"container\" data-e-type=\"container\" data-settings=\"{&quot;background_background&quot;:&quot;classic&quot;,&quot;_transform_scale_effect_hover&quot;:{&quot;unit&quot;:&quot;px&quot;,&quot;size&quot;:1.05,&quot;sizes&quot;:[]},&quot;_transform_scale_effect_hover_tablet&quot;:{&quot;unit&quot;:&quot;px&quot;,&quot;size&quot;:&quot;&quot;,&quot;sizes&quot;:[]},&quot;_transform_scale_effect_hover_mobile&quot;:{&quot;unit&quot;:&quot;px&quot;,&quot;size&quot;:&quot;&quot;,&quot;sizes&quot;:[]}}\">\n\t\t\t\t<div class=\"elementor-element elementor-element-6d7591d elementor-widget elementor-widget-image\" data-id=\"6d7591d\" data-element_type=\"widget\" data-e-type=\"widget\" data-widget_type=\"image.default\">\n\t\t\t\t\t\t\t\t\t\t\t\t\t\t\t<img decoding=\"async\" width=\"1024\" height=\"683\" src=\"https:\/\/agrifoodtalent.eu\/wp-content\/uploads\/2025\/10\/pexels-shvetsa-5230960-1024x683.jpg\" class=\"attachment-large size-large wp-image-2059\" alt=\"Comprim\u00e9 v\u00e9g\u00e9tal\" srcset=\"https:\/\/agrifoodtalent.eu\/wp-content\/uploads\/2025\/10\/pexels-shvetsa-5230960-1024x683.jpg 1024w, https:\/\/agrifoodtalent.eu\/wp-content\/uploads\/2025\/10\/pexels-shvetsa-5230960-300x200.jpg 300w, https:\/\/agrifoodtalent.eu\/wp-content\/uploads\/2025\/10\/pexels-shvetsa-5230960-768x512.jpg 768w, https:\/\/agrifoodtalent.eu\/wp-content\/uploads\/2025\/10\/pexels-shvetsa-5230960-1536x1024.jpg 1536w, https:\/\/agrifoodtalent.eu\/wp-content\/uploads\/2025\/10\/pexels-shvetsa-5230960-2048x1365.jpg 2048w, https:\/\/agrifoodtalent.eu\/wp-content\/uploads\/2025\/10\/pexels-shvetsa-5230960-18x12.jpg 18w\" sizes=\"(max-width: 1024px) 100vw, 1024px\" \/>\t\t\t\t\t\t\t\t\t\t\t\t\t\t\t<\/div>\n\t\t<div class=\"elementor-element elementor-element-c29fcbd e-con-full e-flex e-con e-child\" data-id=\"c29fcbd\" data-element_type=\"container\" data-e-type=\"container\">\n\t\t\t\t<div class=\"elementor-element elementor-element-9ae0f69 elementor-widget elementor-widget-heading\" data-id=\"9ae0f69\" data-element_type=\"widget\" data-e-type=\"widget\" data-widget_type=\"heading.default\">\n\t\t\t\t\t<h3 class=\"elementor-heading-title elementor-size-default\">Le d\u00e9fi: Combler le foss\u00e9 dans la transformation num\u00e9rique<\/h3>\t\t\t\t<\/div>\n\t\t\t\t<div class=\"elementor-element elementor-element-b7f48de elementor-widget elementor-widget-text-editor\" data-id=\"b7f48de\" data-element_type=\"widget\" data-e-type=\"widget\" data-widget_type=\"text-editor.default\">\n\t\t\t\t\t\t\t\t\t<p class=\"text-gray-700 mb-4\">L\u2019industrie agroalimentaire europ\u00e9enne conna\u00eet une profonde transformation, une transition vers un avenir plus vert et plus num\u00e9ris\u00e9. Ce passage \u00e0 l'industrie 4.0 et 5.0 exige de nouvelles technologies, des pratiques durables et une main-d'\u0153uvre dot\u00e9e de comp\u00e9tences enti\u00e8rement nouvelles.<\/p><p class=\"text-gray-700\">De nombreuses petites et moyennes entreprises (PME) sont confront\u00e9es \u00e0 des obstacles importants, notamment un manque de savoir-faire, des d\u00e9fis en mati\u00e8re d\u2019investissement et un \u00e9cart critique dans les comp\u00e9tences de la main-d\u2019\u0153uvre.<\/p>\t\t\t\t\t\t\t\t<\/div>\n\t\t\t\t<\/div>\n\t\t\t\t<\/div>\n\t\t\t\t<\/div>\n\t\t<div class=\"elementor-element elementor-element-55694a4 e-flex e-con-boxed e-con e-parent\" data-id=\"55694a4\" data-element_type=\"container\" data-e-type=\"container\">\n\t\t\t\t\t<div class=\"e-con-inner\">\n\t\t\t\t<div class=\"elementor-element elementor-element-a867b45 elementor-absolute elementor-widget elementor-widget-image\" data-id=\"a867b45\" data-element_type=\"widget\" data-e-type=\"widget\" data-settings=\"{&quot;_position&quot;:&quot;absolute&quot;}\" data-widget_type=\"image.default\">\n\t\t\t\t\t\t\t\t\t\t\t\t\t\t\t<img decoding=\"async\" width=\"231\" height=\"198\" src=\"https:\/\/agrifoodtalent.eu\/wp-content\/uploads\/2025\/10\/white-cloud.webp\" class=\"attachment-large size-large wp-image-280\" alt=\"blanc-nuage\" \/>\t\t\t\t\t\t\t\t\t\t\t\t\t\t\t<\/div>\n\t\t\t\t\t<\/div>\n\t\t\t\t<\/div>\n\t\t<div class=\"elementor-element elementor-element-c89a0d5 e-con-full e-flex elementor-invisible e-con e-parent\" data-id=\"c89a0d5\" data-element_type=\"container\" data-e-type=\"container\" data-settings=\"{&quot;animation&quot;:&quot;fadeInRight&quot;}\">\n\t\t<div class=\"elementor-element elementor-element-c803c59 e-con-full e-transform us-card e-flex e-con e-child\" data-id=\"c803c59\" data-element_type=\"container\" data-e-type=\"container\" data-settings=\"{&quot;background_background&quot;:&quot;classic&quot;,&quot;_transform_scale_effect_hover&quot;:{&quot;unit&quot;:&quot;px&quot;,&quot;size&quot;:1.05,&quot;sizes&quot;:[]},&quot;_transform_scale_effect_hover_tablet&quot;:{&quot;unit&quot;:&quot;px&quot;,&quot;size&quot;:&quot;&quot;,&quot;sizes&quot;:[]},&quot;_transform_scale_effect_hover_mobile&quot;:{&quot;unit&quot;:&quot;px&quot;,&quot;size&quot;:&quot;&quot;,&quot;sizes&quot;:[]}}\">\n\t\t<div class=\"elementor-element elementor-element-b127111 e-con-full e-flex e-con e-child\" data-id=\"b127111\" data-element_type=\"container\" data-e-type=\"container\">\n\t\t\t\t<div class=\"elementor-element elementor-element-234849a elementor-widget elementor-widget-heading\" data-id=\"234849a\" data-element_type=\"widget\" data-e-type=\"widget\" data-widget_type=\"heading.default\">\n\t\t\t\t\t<h3 class=\"elementor-heading-title elementor-size-default\">Notre solution: Un acc\u00e9l\u00e9rateur de talents<\/h3>\t\t\t\t<\/div>\n\t\t\t\t<div class=\"elementor-element elementor-element-1421366 elementor-widget elementor-widget-text-editor\" data-id=\"1421366\" data-element_type=\"widget\" data-e-type=\"widget\" data-widget_type=\"text-editor.default\">\n\t\t\t\t\t\t\t\t\t<p class=\"text-gray-700 mb-4\">TAURUS C'est notre r\u00e9ponse \u00e0 ce d\u00e9fi. Nous construisons le premier acc\u00e9l\u00e9rateur europ\u00e9en de talents pour le secteur de la fabrication agroalimentaire, une plateforme num\u00e9rique innovante ax\u00e9e sur l\u2019IA qui sert de pont entre les besoins de l\u2019industrie et les capacit\u00e9s de la main-d\u2019\u0153uvre.<\/p><p class=\"text-gray-700\">Gr\u00e2ce \u00e0 une approche dual-lab, nous fournissons aux PME des orientations strat\u00e9giques pour leur parcours num\u00e9rique tout en offrant simultan\u00e9ment des programmes de requalification et de perfectionnement adapt\u00e9s \u00e0 leurs employ\u00e9s actuels et futurs.<\/p>\t\t\t\t\t\t\t\t<\/div>\n\t\t\t\t<\/div>\n\t\t\t\t<div class=\"elementor-element elementor-element-5c29079 elementor-widget elementor-widget-image\" data-id=\"5c29079\" data-element_type=\"widget\" data-e-type=\"widget\" data-widget_type=\"image.default\">\n\t\t\t\t\t\t\t\t\t\t\t\t\t\t\t<img loading=\"lazy\" decoding=\"async\" width=\"1024\" height=\"683\" src=\"https:\/\/agrifoodtalent.eu\/wp-content\/uploads\/2025\/10\/pexels-tima-miroshnichenko-6510867-1024x683.jpg\" class=\"attachment-large size-large wp-image-2076\" alt=\"tablette fille\" srcset=\"https:\/\/agrifoodtalent.eu\/wp-content\/uploads\/2025\/10\/pexels-tima-miroshnichenko-6510867-1024x683.jpg 1024w, https:\/\/agrifoodtalent.eu\/wp-content\/uploads\/2025\/10\/pexels-tima-miroshnichenko-6510867-300x200.jpg 300w, https:\/\/agrifoodtalent.eu\/wp-content\/uploads\/2025\/10\/pexels-tima-miroshnichenko-6510867-768x512.jpg 768w, https:\/\/agrifoodtalent.eu\/wp-content\/uploads\/2025\/10\/pexels-tima-miroshnichenko-6510867-1536x1024.jpg 1536w, https:\/\/agrifoodtalent.eu\/wp-content\/uploads\/2025\/10\/pexels-tima-miroshnichenko-6510867-2048x1365.jpg 2048w, https:\/\/agrifoodtalent.eu\/wp-content\/uploads\/2025\/10\/pexels-tima-miroshnichenko-6510867-18x12.jpg 18w\" sizes=\"(max-width: 1024px) 100vw, 1024px\" \/>\t\t\t\t\t\t\t\t\t\t\t\t\t\t\t<\/div>\n\t\t\t\t<\/div>\n\t\t\t\t<\/div>\n\t\t<div class=\"elementor-element elementor-element-0c25612 e-flex e-con-boxed e-con e-parent\" data-id=\"0c25612\" data-element_type=\"container\" data-e-type=\"container\">\n\t\t\t\t\t<div class=\"e-con-inner\">\n\t\t<div class=\"elementor-element elementor-element-11f1ed9 e-con-full e-flex e-con e-child\" data-id=\"11f1ed9\" data-element_type=\"container\" data-e-type=\"container\" data-settings=\"{&quot;background_background&quot;:&quot;classic&quot;}\">\n\t\t<div class=\"elementor-element elementor-element-a8752fa e-con-full about-icono e-flex e-con e-child\" data-id=\"a8752fa\" data-element_type=\"container\" data-e-type=\"container\" data-settings=\"{&quot;background_background&quot;:&quot;classic&quot;}\">\n\t\t\t\t<div class=\"elementor-element elementor-element-2c0e288 elementor-view-default elementor-widget elementor-widget-icon\" data-id=\"2c0e288\" data-element_type=\"widget\" data-e-type=\"widget\" data-widget_type=\"icon.default\">\n\t\t\t\t\t\t\t<div class=\"elementor-icon-wrapper\">\n\t\t\t<div class=\"elementor-icon\">\n\t\t\t<svg aria-hidden=\"true\" class=\"e-font-icon-svg e-far-dot-circle\" viewbox=\"0 0 512 512\" xmlns=\"http:\/\/www.w3.org\/2000\/svg\"><path d=\"M256 56c110.532 0 200 89.451 200 200 0 110.532-89.451 200-200 200-110.532 0-200-89.451-200-200 0-110.532 89.451-200 200-200m0-48C119.033 8 8 119.033 8 256s111.033 248 248 248 248-111.033 248-248S392.967 8 256 8zm0 168c-44.183 0-80 35.817-80 80s35.817 80 80 80 80-35.817 80-80-35.817-80-80-80z\"><\/path><\/svg>\t\t\t<\/div>\n\t\t<\/div>\n\t\t\t\t\t\t<\/div>\n\t\t\t\t<\/div>\n\t\t\t\t<div class=\"elementor-element elementor-element-34f66f1 elementor-widget elementor-widget-heading\" data-id=\"34f66f1\" data-element_type=\"widget\" data-e-type=\"widget\" data-widget_type=\"heading.default\">\n\t\t\t\t\t<h3 class=\"elementor-heading-title elementor-size-default\">Notre mission<\/h3>\t\t\t\t<\/div>\n\t\t\t\t<div class=\"elementor-element elementor-element-db55991 elementor-widget__width-initial elementor-widget elementor-widget-text-editor\" data-id=\"db55991\" data-element_type=\"widget\" data-e-type=\"widget\" data-widget_type=\"text-editor.default\">\n\t\t\t\t\t\t\t\t\t<p>Combler le d\u00e9ficit de comp\u00e9tences dans le secteur agroalimentaire en offrant une formation cibl\u00e9e, des conseils strat\u00e9giques et une plateforme collaborative qui permet aux entreprises et aux particuliers de prosp\u00e9rer \u00e0 l'\u00e8re de l'industrie 5.0.<\/p>\t\t\t\t\t\t\t\t<\/div>\n\t\t\t\t<\/div>\n\t\t<div class=\"elementor-element elementor-element-3e48188 e-con-full e-flex e-con e-child\" data-id=\"3e48188\" data-element_type=\"container\" data-e-type=\"container\" data-settings=\"{&quot;background_background&quot;:&quot;classic&quot;}\">\n\t\t<div class=\"elementor-element elementor-element-cdc1fb7 e-con-full about-icono e-flex e-con e-child\" data-id=\"cdc1fb7\" data-element_type=\"container\" data-e-type=\"container\" data-settings=\"{&quot;background_background&quot;:&quot;classic&quot;}\">\n\t\t\t\t<div class=\"elementor-element elementor-element-8faa28f elementor-view-default elementor-widget elementor-widget-icon\" data-id=\"8faa28f\" data-element_type=\"widget\" data-e-type=\"widget\" data-widget_type=\"icon.default\">\n\t\t\t\t\t\t\t<div class=\"elementor-icon-wrapper\">\n\t\t\t<div class=\"elementor-icon\">\n\t\t\t<svg aria-hidden=\"true\" class=\"e-font-icon-svg e-far-eye\" viewbox=\"0 0 576 512\" xmlns=\"http:\/\/www.w3.org\/2000\/svg\"><path d=\"M288 144a110.94 110.94 0 0 0-31.24 5 55.4 55.4 0 0 1 7.24 27 56 56 0 0 1-56 56 55.4 55.4 0 0 1-27-7.24A111.71 111.71 0 1 0 288 144zm284.52 97.4C518.29 135.59 410.93 64 288 64S57.68 135.64 3.48 241.41a32.35 32.35 0 0 0 0 29.19C57.71 376.41 165.07 448 288 448s230.32-71.64 284.52-177.41a32.35 32.35 0 0 0 0-29.19zM288 400c-98.65 0-189.09-55-237.93-144C98.91 167 189.34 112 288 112s189.09 55 237.93 144C477.1 345 386.66 400 288 400z\"><\/path><\/svg>\t\t\t<\/div>\n\t\t<\/div>\n\t\t\t\t\t\t<\/div>\n\t\t\t\t<\/div>\n\t\t\t\t<div class=\"elementor-element elementor-element-92123fa elementor-widget elementor-widget-heading\" data-id=\"92123fa\" data-element_type=\"widget\" data-e-type=\"widget\" data-widget_type=\"heading.default\">\n\t\t\t\t\t<h3 class=\"elementor-heading-title elementor-size-default\">Notre vision<\/h3>\t\t\t\t<\/div>\n\t\t\t\t<div class=\"elementor-element elementor-element-d179499 elementor-widget__width-initial elementor-widget elementor-widget-text-editor\" data-id=\"d179499\" data-element_type=\"widget\" data-e-type=\"widget\" data-widget_type=\"text-editor.default\">\n\t\t\t\t\t\t\t\t\t<p>Pour cultiver une industrie agroalimentaire europ\u00e9enne pr\u00eate pour l'avenir, comp\u00e9titive et durable, aliment\u00e9e par une main-d'\u0153uvre hautement qualifi\u00e9e et adaptable qui stimule l'innovation et la croissance.<\/p>\t\t\t\t\t\t\t\t<\/div>\n\t\t\t\t<\/div>\n\t\t\t\t\t<\/div>\n\t\t\t\t<\/div>\n\t\t\t\t<\/div>","protected":false},"excerpt":{"rendered":"<p>\u00c0 propos du TAURUS Projet Le premier acc\u00e9l\u00e9rateur europ\u00e9en de talents pour l\u2019industrie agroalimentaire, con\u00e7u pour requalifier et perfectionner la main-d\u2019\u0153uvre pour relever les d\u00e9fis de l\u2019industrie 4.0 et 5.0. Le d\u00e9fi: Combler le foss\u00e9 en mati\u00e8re de transformation num\u00e9rique L\u2019industrie agroalimentaire europ\u00e9enne conna\u00eet une transformation profonde, une transition vers un avenir plus vert et plus num\u00e9ris\u00e9. Cette [...]<\/p>","protected":false},"author":1,"featured_media":0,"parent":0,"menu_order":0,"comment_status":"closed","ping_status":"closed","template":"","meta":{"footnotes":""},"class_list":["post-183","page","type-page","status-publish","hentry"],"yoast_head":"<!-- This site is optimized with the Yoast SEO plugin v27.4 - https:\/\/yoast.com\/product\/yoast-seo-wordpress\/ -->\n<title>About Us - Taurus<\/title>\n<meta name=\"robots\" content=\"index, follow, max-snippet:-1, max-image-preview:large, max-video-preview:-1\" \/>\n<link rel=\"canonical\" href=\"https:\/\/agrifoodtalent.eu\/fr\/about-us\/\" \/>\n<meta property=\"og:locale\" content=\"fr_FR\" \/>\n<meta property=\"og:type\" content=\"article\" \/>\n<meta property=\"og:title\" content=\"About Us - Taurus\" \/>\n<meta property=\"og:description\" content=\"About The TAURUS Project The first European Talent Accelerator for the agrifood manufacturing industry, designed to re-skill and up-skill the workforce for the challenges of Industry 4.0 and 5.0. The Challenge: Bridging the Gap in Digital Transformation The European agrifood industry is undergoing a profound transformation\u2014a transition towards a greener and more digitalized future. This [&hellip;]\" \/>\n<meta property=\"og:url\" content=\"https:\/\/agrifoodtalent.eu\/fr\/about-us\/\" \/>\n<meta property=\"og:site_name\" content=\"Taurus\" \/>\n<meta property=\"article:modified_time\" content=\"2025-10-28T16:29:15+00:00\" \/>\n<meta property=\"og:image\" content=\"https:\/\/agrifoodtalent.eu\/wp-content\/uploads\/2025\/10\/Screenshot_1-1.webp\" \/>\n\t<meta property=\"og:image:width\" content=\"247\" \/>\n\t<meta property=\"og:image:height\" content=\"243\" \/>\n\t<meta property=\"og:image:type\" content=\"image\/webp\" \/>\n<meta name=\"twitter:card\" content=\"summary_large_image\" \/>\n<meta name=\"twitter:label1\" content=\"Dur\u00e9e de lecture estim\u00e9e\" \/>\n\t<meta name=\"twitter:data1\" content=\"1 minute\" \/>\n<script type=\"application\/ld+json\" class=\"yoast-schema-graph\">{\"@context\":\"https:\\\/\\\/schema.org\",\"@graph\":[{\"@type\":\"WebPage\",\"@id\":\"https:\\\/\\\/agrifoodtalent.eu\\\/about-us\\\/\",\"url\":\"https:\\\/\\\/agrifoodtalent.eu\\\/about-us\\\/\",\"name\":\"About Us - Taurus\",\"isPartOf\":{\"@id\":\"https:\\\/\\\/agrifoodtalent.eu\\\/#website\"},\"primaryImageOfPage\":{\"@id\":\"https:\\\/\\\/agrifoodtalent.eu\\\/about-us\\\/#primaryimage\"},\"image\":{\"@id\":\"https:\\\/\\\/agrifoodtalent.eu\\\/about-us\\\/#primaryimage\"},\"thumbnailUrl\":\"https:\\\/\\\/agrifoodtalent.eu\\\/wp-content\\\/uploads\\\/2025\\\/10\\\/Screenshot_1-1.webp\",\"datePublished\":\"2025-10-07T08:34:30+00:00\",\"dateModified\":\"2025-10-28T16:29:15+00:00\",\"breadcrumb\":{\"@id\":\"https:\\\/\\\/agrifoodtalent.eu\\\/about-us\\\/#breadcrumb\"},\"inLanguage\":\"fr-FR\",\"potentialAction\":[{\"@type\":\"ReadAction\",\"target\":[\"https:\\\/\\\/agrifoodtalent.eu\\\/about-us\\\/\"]}]},{\"@type\":\"ImageObject\",\"inLanguage\":\"fr-FR\",\"@id\":\"https:\\\/\\\/agrifoodtalent.eu\\\/about-us\\\/#primaryimage\",\"url\":\"https:\\\/\\\/agrifoodtalent.eu\\\/wp-content\\\/uploads\\\/2025\\\/10\\\/Screenshot_1-1.webp\",\"contentUrl\":\"https:\\\/\\\/agrifoodtalent.eu\\\/wp-content\\\/uploads\\\/2025\\\/10\\\/Screenshot_1-1.webp\"},{\"@type\":\"BreadcrumbList\",\"@id\":\"https:\\\/\\\/agrifoodtalent.eu\\\/about-us\\\/#breadcrumb\",\"itemListElement\":[{\"@type\":\"ListItem\",\"position\":1,\"name\":\"Portada\",\"item\":\"https:\\\/\\\/agrifoodtalent.eu\\\/\"},{\"@type\":\"ListItem\",\"position\":2,\"name\":\"About Us\"}]},{\"@type\":\"WebSite\",\"@id\":\"https:\\\/\\\/agrifoodtalent.eu\\\/#website\",\"url\":\"https:\\\/\\\/agrifoodtalent.eu\\\/\",\"name\":\"Taurus\",\"description\":\"Talent Accelerator for the agrifood manufacturing industry:  Re-skilling and Up-skilling of European workers.\",\"publisher\":{\"@id\":\"https:\\\/\\\/agrifoodtalent.eu\\\/#organization\"},\"potentialAction\":[{\"@type\":\"SearchAction\",\"target\":{\"@type\":\"EntryPoint\",\"urlTemplate\":\"https:\\\/\\\/agrifoodtalent.eu\\\/?s={search_term_string}\"},\"query-input\":{\"@type\":\"PropertyValueSpecification\",\"valueRequired\":true,\"valueName\":\"search_term_string\"}}],\"inLanguage\":\"fr-FR\"},{\"@type\":\"Organization\",\"@id\":\"https:\\\/\\\/agrifoodtalent.eu\\\/#organization\",\"name\":\"Taurus\",\"url\":\"https:\\\/\\\/agrifoodtalent.eu\\\/\",\"logo\":{\"@type\":\"ImageObject\",\"inLanguage\":\"fr-FR\",\"@id\":\"https:\\\/\\\/agrifoodtalent.eu\\\/#\\\/schema\\\/logo\\\/image\\\/\",\"url\":\"https:\\\/\\\/agrifoodtalent.eu\\\/wp-content\\\/uploads\\\/2025\\\/10\\\/cropped-Favicon-verd-i-taronja.jpg\",\"contentUrl\":\"https:\\\/\\\/agrifoodtalent.eu\\\/wp-content\\\/uploads\\\/2025\\\/10\\\/cropped-Favicon-verd-i-taronja.jpg\",\"width\":512,\"height\":512,\"caption\":\"Taurus\"},\"image\":{\"@id\":\"https:\\\/\\\/agrifoodtalent.eu\\\/#\\\/schema\\\/logo\\\/image\\\/\"}}]}<\/script>\n<!-- \/ Yoast SEO plugin. -->","yoast_head_json":{"title":"About Us - Taurus","robots":{"index":"index","follow":"follow","max-snippet":"max-snippet:-1","max-image-preview":"max-image-preview:large","max-video-preview":"max-video-preview:-1"},"canonical":"https:\/\/agrifoodtalent.eu\/fr\/about-us\/","og_locale":"fr_FR","og_type":"article","og_title":"About Us - Taurus","og_description":"About The TAURUS Project The first European Talent Accelerator for the agrifood manufacturing industry, designed to re-skill and up-skill the workforce for the challenges of Industry 4.0 and 5.0. The Challenge: Bridging the Gap in Digital Transformation The European agrifood industry is undergoing a profound transformation\u2014a transition towards a greener and more digitalized future. This [&hellip;]","og_url":"https:\/\/agrifoodtalent.eu\/fr\/about-us\/","og_site_name":"Taurus","article_modified_time":"2025-10-28T16:29:15+00:00","og_image":[{"width":247,"height":243,"url":"https:\/\/agrifoodtalent.eu\/wp-content\/uploads\/2025\/10\/Screenshot_1-1.webp","type":"image\/webp"}],"twitter_card":"summary_large_image","twitter_misc":{"Dur\u00e9e de lecture estim\u00e9e":"1 minute"},"schema":{"@context":"https:\/\/schema.org","@graph":[{"@type":"WebPage","@id":"https:\/\/agrifoodtalent.eu\/about-us\/","url":"https:\/\/agrifoodtalent.eu\/about-us\/","name":"About Us - Taurus","isPartOf":{"@id":"https:\/\/agrifoodtalent.eu\/#website"},"primaryImageOfPage":{"@id":"https:\/\/agrifoodtalent.eu\/about-us\/#primaryimage"},"image":{"@id":"https:\/\/agrifoodtalent.eu\/about-us\/#primaryimage"},"thumbnailUrl":"https:\/\/agrifoodtalent.eu\/wp-content\/uploads\/2025\/10\/Screenshot_1-1.webp","datePublished":"2025-10-07T08:34:30+00:00","dateModified":"2025-10-28T16:29:15+00:00","breadcrumb":{"@id":"https:\/\/agrifoodtalent.eu\/about-us\/#breadcrumb"},"inLanguage":"fr-FR","potentialAction":[{"@type":"ReadAction","target":["https:\/\/agrifoodtalent.eu\/about-us\/"]}]},{"@type":"ImageObject","inLanguage":"fr-FR","@id":"https:\/\/agrifoodtalent.eu\/about-us\/#primaryimage","url":"https:\/\/agrifoodtalent.eu\/wp-content\/uploads\/2025\/10\/Screenshot_1-1.webp","contentUrl":"https:\/\/agrifoodtalent.eu\/wp-content\/uploads\/2025\/10\/Screenshot_1-1.webp"},{"@type":"BreadcrumbList","@id":"https:\/\/agrifoodtalent.eu\/about-us\/#breadcrumb","itemListElement":[{"@type":"ListItem","position":1,"name":"Portada","item":"https:\/\/agrifoodtalent.eu\/"},{"@type":"ListItem","position":2,"name":"About Us"}]},{"@type":"WebSite","@id":"https:\/\/agrifoodtalent.eu\/#website","url":"https:\/\/agrifoodtalent.eu\/","name":"Taurus","description":"Talent Accelerator for the agrifood manufacturing industry:  Re-skilling and Up-skilling of European workers.","publisher":{"@id":"https:\/\/agrifoodtalent.eu\/#organization"},"potentialAction":[{"@type":"SearchAction","target":{"@type":"EntryPoint","urlTemplate":"https:\/\/agrifoodtalent.eu\/?s={search_term_string}"},"query-input":{"@type":"PropertyValueSpecification","valueRequired":true,"valueName":"search_term_string"}}],"inLanguage":"fr-FR"},{"@type":"Organization","@id":"https:\/\/agrifoodtalent.eu\/#organization","name":"Taurus","url":"https:\/\/agrifoodtalent.eu\/","logo":{"@type":"ImageObject","inLanguage":"fr-FR","@id":"https:\/\/agrifoodtalent.eu\/#\/schema\/logo\/image\/","url":"https:\/\/agrifoodtalent.eu\/wp-content\/uploads\/2025\/10\/cropped-Favicon-verd-i-taronja.jpg","contentUrl":"https:\/\/agrifoodtalent.eu\/wp-content\/uploads\/2025\/10\/cropped-Favicon-verd-i-taronja.jpg","width":512,"height":512,"caption":"Taurus"},"image":{"@id":"https:\/\/agrifoodtalent.eu\/#\/schema\/logo\/image\/"}}]}},"_links":{"self":[{"href":"https:\/\/agrifoodtalent.eu\/fr\/wp-json\/wp\/v2\/pages\/183","targetHints":{"allow":["GET"]}}],"collection":[{"href":"https:\/\/agrifoodtalent.eu\/fr\/wp-json\/wp\/v2\/pages"}],"about":[{"href":"https:\/\/agrifoodtalent.eu\/fr\/wp-json\/wp\/v2\/types\/page"}],"author":[{"embeddable":true,"href":"https:\/\/agrifoodtalent.eu\/fr\/wp-json\/wp\/v2\/users\/1"}],"replies":[{"embeddable":true,"href":"https:\/\/agrifoodtalent.eu\/fr\/wp-json\/wp\/v2\/comments?post=183"}],"version-history":[{"count":190,"href":"https:\/\/agrifoodtalent.eu\/fr\/wp-json\/wp\/v2\/pages\/183\/revisions"}],"predecessor-version":[{"id":2237,"href":"https:\/\/agrifoodtalent.eu\/fr\/wp-json\/wp\/v2\/pages\/183\/revisions\/2237"}],"wp:attachment":[{"href":"https:\/\/agrifoodtalent.eu\/fr\/wp-json\/wp\/v2\/media?parent=183"}],"curies":[{"name":"wp","href":"https:\/\/api.w.org\/{rel}","templated":true}]}}