{"id":288,"date":"2025-10-15T15:55:10","date_gmt":"2025-10-15T13:55:10","guid":{"rendered":"https:\/\/agrifoodtalent.eu\/?page_id=288"},"modified":"2025-10-28T15:27:58","modified_gmt":"2025-10-28T14:27:58","slug":"contact","status":"publish","type":"page","link":"https:\/\/agrifoodtalent.eu\/es\/contact\/","title":{"rendered":"Contacto"},"content":{"rendered":"<div data-elementor-type=\"wp-page\" data-elementor-id=\"288\" class=\"elementor elementor-288\">\n\t\t\t\t<div class=\"elementor-element elementor-element-6e5587f contact e-flex e-con-boxed e-con e-parent\" data-id=\"6e5587f\" data-element_type=\"container\" data-e-type=\"container\">\n\t\t\t\t\t<div class=\"e-con-inner\">\n\t\t<div class=\"elementor-element elementor-element-1e93f1c e-con-full e-flex e-con e-child\" data-id=\"1e93f1c\" data-element_type=\"container\" data-e-type=\"container\">\n\t\t\t\t<div class=\"elementor-element elementor-element-f141759 elementor-widget__width-initial elementor-absolute e-transform elementor-widget elementor-widget-image\" data-id=\"f141759\" data-element_type=\"widget\" data-e-type=\"widget\" data-settings=\"{&quot;_position&quot;:&quot;absolute&quot;,&quot;_transform_rotateZ_effect&quot;:{&quot;unit&quot;:&quot;px&quot;,&quot;size&quot;:198,&quot;sizes&quot;:[]},&quot;_transform_rotateZ_effect_tablet&quot;:{&quot;unit&quot;:&quot;deg&quot;,&quot;size&quot;:&quot;&quot;,&quot;sizes&quot;:[]},&quot;_transform_rotateZ_effect_mobile&quot;:{&quot;unit&quot;:&quot;deg&quot;,&quot;size&quot;:&quot;&quot;,&quot;sizes&quot;:[]}}\" data-widget_type=\"image.default\">\n\t\t\t\t\t\t\t\t\t\t\t\t\t\t\t<img fetchpriority=\"high\" decoding=\"async\" width=\"261\" height=\"217\" src=\"https:\/\/agrifoodtalent.eu\/wp-content\/uploads\/2025\/10\/orange_plane.webp\" class=\"attachment-large size-large wp-image-316\" alt=\"naranja_plano\" \/>\t\t\t\t\t\t\t\t\t\t\t\t\t\t\t<\/div>\n\t\t\t\t<\/div>\n\t\t<div class=\"elementor-element elementor-element-c5c08fa e-con-full e-flex e-con e-child\" data-id=\"c5c08fa\" data-element_type=\"container\" data-e-type=\"container\">\n\t\t\t\t<div class=\"elementor-element elementor-element-1fbdad1 elementor-widget elementor-widget-heading\" data-id=\"1fbdad1\" data-element_type=\"widget\" data-e-type=\"widget\" data-widget_type=\"heading.default\">\n\t\t\t\t\t<h2 class=\"elementor-heading-title elementor-size-default\">Contacto<\/h2>\t\t\t\t<\/div>\n\t\t\t\t<div class=\"elementor-element elementor-element-4eaba8d elementor-widget__width-initial elementor-widget elementor-widget-text-editor\" data-id=\"4eaba8d\" data-element_type=\"widget\" data-e-type=\"widget\" data-widget_type=\"text-editor.default\">\n\t\t\t\t\t\t\t\t\t<p>Si desea m\u00e1s informaci\u00f3n sobre el proyecto TAURUS, desea colaborar con nosotros o tiene alguna pregunta, no dude en ponerse en contacto con nosotros.<\/p>\t\t\t\t\t\t\t\t<\/div>\n\t\t\t\t<\/div>\n\t\t<div class=\"elementor-element elementor-element-4a5ac5f e-con-full e-flex e-con e-child\" data-id=\"4a5ac5f\" data-element_type=\"container\" data-e-type=\"container\">\n\t\t\t\t<div class=\"elementor-element elementor-element-15e33a6 elementor-widget__width-initial elementor-absolute e-transform elementor-widget elementor-widget-image\" data-id=\"15e33a6\" data-element_type=\"widget\" data-e-type=\"widget\" data-settings=\"{&quot;_position&quot;:&quot;absolute&quot;,&quot;_transform_scale_effect&quot;:{&quot;unit&quot;:&quot;px&quot;,&quot;size&quot;:2,&quot;sizes&quot;:[]},&quot;_transform_scale_effect_tablet&quot;:{&quot;unit&quot;:&quot;px&quot;,&quot;size&quot;:&quot;&quot;,&quot;sizes&quot;:[]},&quot;_transform_scale_effect_mobile&quot;:{&quot;unit&quot;:&quot;px&quot;,&quot;size&quot;:&quot;&quot;,&quot;sizes&quot;:[]}}\" data-widget_type=\"image.default\">\n\t\t\t\t\t\t\t\t\t\t\t\t\t\t\t<img decoding=\"async\" width=\"247\" height=\"243\" src=\"https:\/\/agrifoodtalent.eu\/wp-content\/uploads\/2025\/10\/Screenshot_1-1.webp\" class=\"attachment-large size-large wp-image-312\" alt=\"amarillo_plano\" \/>\t\t\t\t\t\t\t\t\t\t\t\t\t\t\t<\/div>\n\t\t\t\t<\/div>\n\t\t<div class=\"elementor-element elementor-element-814762f e-con-full e-flex e-con e-child\" data-id=\"814762f\" data-element_type=\"container\" data-e-type=\"container\" data-settings=\"{&quot;background_background&quot;:&quot;classic&quot;}\">\n\t\t<div class=\"elementor-element elementor-element-0029671 e-con-full e-flex e-con e-child\" data-id=\"0029671\" data-element_type=\"container\" data-e-type=\"container\">\n\t\t\t\t<div class=\"elementor-element elementor-element-b7fbc43 elementor-widget elementor-widget-heading\" data-id=\"b7fbc43\" data-element_type=\"widget\" data-e-type=\"widget\" data-widget_type=\"heading.default\">\n\t\t\t\t\t<h3 class=\"elementor-heading-title elementor-size-default\">Ponte en contacto<\/h3>\t\t\t\t<\/div>\n\t\t\t\t<div class=\"elementor-element elementor-element-b459012 elementor-widget__width-initial elementor-widget elementor-widget-text-editor\" data-id=\"b459012\" data-element_type=\"widget\" data-e-type=\"widget\" data-widget_type=\"text-editor.default\">\n\t\t\t\t\t\t\t\t\t<p>Para consultas generales, oportunidades de asociaci\u00f3n o solicitudes de medios, utilice este formulario.<\/p><p><span style=\"text-wrap-mode: initial; font-size: 1rem; letter-spacing: -0.1px;\">Para actualizaciones de proyectos, suscr\u00edbase a nuestro bolet\u00edn de noticias.<\/span><\/p>\t\t\t\t\t\t\t\t<\/div>\n\t\t<div class=\"elementor-element elementor-element-a0332ba e-con-full e-flex e-con e-child\" data-id=\"a0332ba\" data-element_type=\"container\" data-e-type=\"container\">\n\t\t\t\t<div class=\"elementor-element elementor-element-f556af8 elementor-view-default elementor-widget elementor-widget-icon\" data-id=\"f556af8\" data-element_type=\"widget\" data-e-type=\"widget\" data-widget_type=\"icon.default\">\n\t\t\t\t\t\t\t<div class=\"elementor-icon-wrapper\">\n\t\t\t<div class=\"elementor-icon\">\n\t\t\t<svg aria-hidden=\"true\" class=\"e-font-icon-svg e-fas-file-contract\" viewbox=\"0 0 384 512\" xmlns=\"http:\/\/www.w3.org\/2000\/svg\"><path d=\"M224 136V0H24C10.7 0 0 10.7 0 24v464c0 13.3 10.7 24 24 24h336c13.3 0 24-10.7 24-24V160H248c-13.2 0-24-10.8-24-24zM64 72c0-4.42 3.58-8 8-8h80c4.42 0 8 3.58 8 8v16c0 4.42-3.58 8-8 8H72c-4.42 0-8-3.58-8-8V72zm0 64c0-4.42 3.58-8 8-8h80c4.42 0 8 3.58 8 8v16c0 4.42-3.58 8-8 8H72c-4.42 0-8-3.58-8-8v-16zm192.81 248H304c8.84 0 16 7.16 16 16s-7.16 16-16 16h-47.19c-16.45 0-31.27-9.14-38.64-23.86-2.95-5.92-8.09-6.52-10.17-6.52s-7.22.59-10.02 6.19l-7.67 15.34a15.986 15.986 0 0 1-14.31 8.84c-.38 0-.75-.02-1.14-.05-6.45-.45-12-4.75-14.03-10.89L144 354.59l-10.61 31.88c-5.89 17.66-22.38 29.53-41 29.53H80c-8.84 0-16-7.16-16-16s7.16-16 16-16h12.39c4.83 0 9.11-3.08 10.64-7.66l18.19-54.64c3.3-9.81 12.44-16.41 22.78-16.41s19.48 6.59 22.77 16.41l13.88 41.64c19.77-16.19 54.05-9.7 66 14.16 2.02 4.06 5.96 6.5 10.16 6.5zM377 105L279.1 7c-4.5-4.5-10.6-7-17-7H256v128h128v-6.1c0-6.3-2.5-12.4-7-16.9z\"><\/path><\/svg>\t\t\t<\/div>\n\t\t<\/div>\n\t\t\t\t\t\t<\/div>\n\t\t\t\t<div class=\"elementor-element elementor-element-254fa5f elementor-widget elementor-widget-text-editor\" data-id=\"254fa5f\" data-element_type=\"widget\" data-e-type=\"widget\" data-widget_type=\"text-editor.default\">\n\t\t\t\t\t\t\t\t\t<p>Coordinador:<\/p><p><a href=\"https:\/\/www.clusterdigital.cat\/\" target=\"_blank\" rel=\"noopener\">ASSOCIACI\u00d3 CL\u00daSTER DIGITAL DE CATALUNYA<\/a><\/p>\t\t\t\t\t\t\t\t<\/div>\n\t\t\t\t<\/div>\n\t\t\t\t<\/div>\n\t\t<div class=\"elementor-element elementor-element-37dc120 e-con-full contact-shortcode e-flex e-con e-child\" data-id=\"37dc120\" data-element_type=\"container\" data-e-type=\"container\">\n\t\t\t\t<div class=\"elementor-element elementor-element-3cfbceb elementor-widget__width-inherit elementor-widget elementor-widget-shortcode\" data-id=\"3cfbceb\" data-element_type=\"widget\" data-e-type=\"widget\" data-widget_type=\"shortcode.default\">\n\t\t\t\t\t\t\t<div class=\"elementor-shortcode\"><div class=\"forminator-ui forminator-custom-form forminator-custom-form-300 forminator-design--flat  forminator_ajax\" data-forminator-render=\"0\" data-form=\"forminator-module-300\" data-uid=\"69fe34a08cc07\"><br\/><\/div><form\n\t\t\t\tid=\"forminator-module-300\"\n\t\t\t\tclass=\"forminator-ui forminator-custom-form forminator-custom-form-300 forminator-design--flat  forminator_ajax\"\n\t\t\t\tmethod=\"post\"\n\t\t\t\tdata-forminator-render=\"0\"\n\t\t\t\tdata-form-id=\"300\"\n\t\t\t\t data-color-option=\"theme\" data-design=\"flat\" data-grid=\"open\" style=\"display: none;\"\n\t\t\t\tdata-uid=\"69fe34a08cc07\" action=\"\"\n\t\t\t><div role=\"alert\" aria-live=\"polite\" class=\"forminator-response-message forminator-error\" aria-hidden=\"true\"><\/div><div class=\"forminator-row\"><div id=\"name-1\" class=\"forminator-field-name forminator-col forminator-col-12\"><div class=\"forminator-field\"><label for=\"forminator-field-name-1_69fe34a08cc07\" id=\"forminator-field-name-1_69fe34a08cc07-label\" class=\"forminator-label\">Nombre <span class=\"forminator-required\">*<\/span><\/label><input type=\"text\" name=\"name-1\" value=\"\" placeholder=\"\" id=\"forminator-field-name-1_69fe34a08cc07\" class=\"forminator-input forminator-name--field\" aria-required=\"true\" autocomplete=\"name\" \/><\/div><\/div><\/div><div class=\"forminator-row\"><div id=\"email-1\" class=\"forminator-field-email forminator-col forminator-col-12\"><div class=\"forminator-field\"><label for=\"forminator-field-email-1_69fe34a08cc07\" id=\"forminator-field-email-1_69fe34a08cc07-label\" class=\"forminator-label\">Correo electr\u00f3nico <span class=\"forminator-required\">*<\/span><\/label><input type=\"email\" name=\"email-1\" value=\"\" placeholder=\"\" id=\"forminator-field-email-1_69fe34a08cc07\" class=\"forminator-input forminator-email--field\" data-required=\"true\" aria-required=\"true\" autocomplete=\"email\" \/><\/div><\/div><\/div><div class=\"forminator-row\"><div id=\"textarea-1\" class=\"forminator-field-textarea forminator-col forminator-col-12\"><div class=\"forminator-field\"><label for=\"forminator-field-textarea-1_69fe34a08cc07\" id=\"forminator-field-textarea-1_69fe34a08cc07-label\" class=\"forminator-label\">Mensaje<\/label><textarea name=\"textarea-1\" placeholder=\"\" id=\"forminator-field-textarea-1_69fe34a08cc07\" class=\"forminator-textarea\" rows=\"6\" style=\"min-height:140px;\" ><\/textarea><\/div><\/div><\/div><div class=\"forminator-row\"><\/div><div class=\"forminator-row\"><div id=\"checkbox-1\" class=\"forminator-field-checkbox forminator-col forminator-col-12\"><div role=\"group\" class=\"forminator-field required\" aria-labelledby=\"forminator-checkbox-group-forminator-field-checkbox-1-69fe34a08cc07-label\"><label id=\"forminator-field-checkbox-1-1-69fe34a08cc07-label\" for=\"forminator-field-checkbox-1-1-69fe34a08cc07\" class=\"forminator-checkbox\" title=\"Al continuar, aceptas la pol\u00edtica de privacidad\"><input type=\"checkbox\" name=\"checkbox-1[]\" value=\"one\" id=\"forminator-field-checkbox-1-1-69fe34a08cc07\" aria-labelledby=\"forminator-field-checkbox-1-1-69fe34a08cc07-label\" data-calculation=\"0\"   data-hidden-behavior=\"zero\"\/><span class=\"forminator-checkbox-box\" aria-hidden=\"true\"><\/span><span class=\"forminator-checkbox-label\">Al continuar, aceptas la pol\u00edtica de privacidad<\/span><\/label><\/div><\/div><\/div><input type=\"hidden\" name=\"referer_url\" value=\"\" \/><div class=\"forminator-row forminator-row-last\"><div class=\"forminator-col\"><div class=\"forminator-field\"><button class=\"forminator-button forminator-button-submit\">Enviar<\/button><\/div><\/div><\/div><input type=\"hidden\" id=\"forminator_nonce\" name=\"forminator_nonce\" value=\"87474e739b\" \/><input type=\"hidden\" name=\"_wp_http_referer\" value=\"\/es\/wp-json\/wp\/v2\/pages\/288\" \/><input type=\"hidden\" name=\"form_id\" value=\"300\"><input type=\"hidden\" name=\"page_id\" value=\"288\"><input type=\"hidden\" name=\"form_type\" value=\"default\"><input type=\"hidden\" name=\"current_url\" value=\"https:\/\/agrifoodtalent.eu\/es\/contact\/\"><input type=\"hidden\" name=\"render_id\" value=\"0\"><input type=\"hidden\" name=\"action\" value=\"forminator_submit_form_custom-forms\"><label for=\"input_5\" class=\"forminator-hidden\" aria-hidden=\"true\">Por favor, no rellenes este campo. <input id=\"input_5\" type=\"text\" name=\"input_5\" value=\"\" autocomplete=\"off\"><\/label><input type=\"hidden\" name=\"etm-form-language\" value=\"es\"\/><\/form><\/div>\n\t\t\t\t\t\t<\/div>\n\t\t\t\t<\/div>\n\t\t\t\t<\/div>\n\t\t\t\t<div class=\"elementor-element elementor-element-d521216 elementor-widget elementor-widget-html\" data-id=\"d521216\" data-element_type=\"widget\" data-e-type=\"widget\" data-widget_type=\"html.default\">\n\t\t\t\t\t<style>.contact p {\r\n    margin: 0px;\r\n    margin-top: 5px;\r\n    \r\n}\r\n.contact-shortcode{padding:0;}<\/style>\t\t\t\t<\/div>\n\t\t\t\t\t<\/div>\n\t\t\t\t<\/div>\n\t\t\t\t<\/div>","protected":false},"excerpt":{"rendered":"<p>Contacto Si desea m\u00e1s informaci\u00f3n sobre el TAURUS Si desea colaborar con nosotros, o tiene alguna pregunta, por favor no dude en ponerse en contacto con nosotros. Para consultas generales, oportunidades de asociaci\u00f3n o solicitudes de medios, utilice este formulario. Para actualizaciones de proyectos, suscr\u00edbase a nuestro bolet\u00edn de noticias. Coordinador: ASSOCIACI\u00d3 CL\u00daSTER DIGITAL DE [...]<\/p>","protected":false},"author":1,"featured_media":0,"parent":0,"menu_order":0,"comment_status":"closed","ping_status":"closed","template":"","meta":{"footnotes":""},"class_list":["post-288","page","type-page","status-publish","hentry"],"yoast_head":"<!-- This site is optimized with the Yoast SEO plugin v27.4 - https:\/\/yoast.com\/product\/yoast-seo-wordpress\/ -->\n<title>Contact - Taurus<\/title>\n<meta name=\"robots\" content=\"index, follow, max-snippet:-1, max-image-preview:large, max-video-preview:-1\" \/>\n<link rel=\"canonical\" href=\"https:\/\/agrifoodtalent.eu\/es\/contact\/\" \/>\n<meta property=\"og:locale\" content=\"es_ES\" \/>\n<meta property=\"og:type\" content=\"article\" \/>\n<meta property=\"og:title\" content=\"Contact - Taurus\" \/>\n<meta property=\"og:description\" content=\"Contact If you would like more information about the TAURUS project, wish to collaborate with us, or have any questions, please do not hesitate to get in touch. Get in Touch For general inquiries, partnership opportunities, or media requests, please use this form. For project updates, subscribe to our newsletter. Coordinator: ASSOCIACI\u00d3 CL\u00daSTER DIGITAL DE [&hellip;]\" \/>\n<meta property=\"og:url\" content=\"https:\/\/agrifoodtalent.eu\/es\/contact\/\" \/>\n<meta property=\"og:site_name\" content=\"Taurus\" \/>\n<meta property=\"article:modified_time\" content=\"2025-10-28T14:27:58+00:00\" \/>\n<meta property=\"og:image\" content=\"https:\/\/agrifoodtalent.eu\/wp-content\/uploads\/2025\/10\/orange_plane.webp\" \/>\n\t<meta property=\"og:image:width\" content=\"261\" \/>\n\t<meta property=\"og:image:height\" content=\"217\" \/>\n\t<meta property=\"og:image:type\" content=\"image\/webp\" \/>\n<meta name=\"twitter:card\" content=\"summary_large_image\" \/>\n<meta name=\"twitter:label1\" content=\"Tiempo de lectura\" \/>\n\t<meta name=\"twitter:data1\" content=\"1 minuto\" \/>\n<script type=\"application\/ld+json\" class=\"yoast-schema-graph\">{\"@context\":\"https:\\\/\\\/schema.org\",\"@graph\":[{\"@type\":\"WebPage\",\"@id\":\"https:\\\/\\\/agrifoodtalent.eu\\\/contact\\\/\",\"url\":\"https:\\\/\\\/agrifoodtalent.eu\\\/contact\\\/\",\"name\":\"Contact - Taurus\",\"isPartOf\":{\"@id\":\"https:\\\/\\\/agrifoodtalent.eu\\\/#website\"},\"primaryImageOfPage\":{\"@id\":\"https:\\\/\\\/agrifoodtalent.eu\\\/contact\\\/#primaryimage\"},\"image\":{\"@id\":\"https:\\\/\\\/agrifoodtalent.eu\\\/contact\\\/#primaryimage\"},\"thumbnailUrl\":\"https:\\\/\\\/agrifoodtalent.eu\\\/wp-content\\\/uploads\\\/2025\\\/10\\\/orange_plane.webp\",\"datePublished\":\"2025-10-15T13:55:10+00:00\",\"dateModified\":\"2025-10-28T14:27:58+00:00\",\"breadcrumb\":{\"@id\":\"https:\\\/\\\/agrifoodtalent.eu\\\/contact\\\/#breadcrumb\"},\"inLanguage\":\"es\",\"potentialAction\":[{\"@type\":\"ReadAction\",\"target\":[\"https:\\\/\\\/agrifoodtalent.eu\\\/contact\\\/\"]}]},{\"@type\":\"ImageObject\",\"inLanguage\":\"es\",\"@id\":\"https:\\\/\\\/agrifoodtalent.eu\\\/contact\\\/#primaryimage\",\"url\":\"https:\\\/\\\/agrifoodtalent.eu\\\/wp-content\\\/uploads\\\/2025\\\/10\\\/orange_plane.webp\",\"contentUrl\":\"https:\\\/\\\/agrifoodtalent.eu\\\/wp-content\\\/uploads\\\/2025\\\/10\\\/orange_plane.webp\"},{\"@type\":\"BreadcrumbList\",\"@id\":\"https:\\\/\\\/agrifoodtalent.eu\\\/contact\\\/#breadcrumb\",\"itemListElement\":[{\"@type\":\"ListItem\",\"position\":1,\"name\":\"Portada\",\"item\":\"https:\\\/\\\/agrifoodtalent.eu\\\/\"},{\"@type\":\"ListItem\",\"position\":2,\"name\":\"Contact\"}]},{\"@type\":\"WebSite\",\"@id\":\"https:\\\/\\\/agrifoodtalent.eu\\\/#website\",\"url\":\"https:\\\/\\\/agrifoodtalent.eu\\\/\",\"name\":\"Taurus\",\"description\":\"Talent Accelerator for the agrifood manufacturing industry:  Re-skilling and Up-skilling of European workers.\",\"publisher\":{\"@id\":\"https:\\\/\\\/agrifoodtalent.eu\\\/#organization\"},\"potentialAction\":[{\"@type\":\"SearchAction\",\"target\":{\"@type\":\"EntryPoint\",\"urlTemplate\":\"https:\\\/\\\/agrifoodtalent.eu\\\/?s={search_term_string}\"},\"query-input\":{\"@type\":\"PropertyValueSpecification\",\"valueRequired\":true,\"valueName\":\"search_term_string\"}}],\"inLanguage\":\"es\"},{\"@type\":\"Organization\",\"@id\":\"https:\\\/\\\/agrifoodtalent.eu\\\/#organization\",\"name\":\"Taurus\",\"url\":\"https:\\\/\\\/agrifoodtalent.eu\\\/\",\"logo\":{\"@type\":\"ImageObject\",\"inLanguage\":\"es\",\"@id\":\"https:\\\/\\\/agrifoodtalent.eu\\\/#\\\/schema\\\/logo\\\/image\\\/\",\"url\":\"https:\\\/\\\/agrifoodtalent.eu\\\/wp-content\\\/uploads\\\/2025\\\/10\\\/cropped-Favicon-verd-i-taronja.jpg\",\"contentUrl\":\"https:\\\/\\\/agrifoodtalent.eu\\\/wp-content\\\/uploads\\\/2025\\\/10\\\/cropped-Favicon-verd-i-taronja.jpg\",\"width\":512,\"height\":512,\"caption\":\"Taurus\"},\"image\":{\"@id\":\"https:\\\/\\\/agrifoodtalent.eu\\\/#\\\/schema\\\/logo\\\/image\\\/\"}}]}<\/script>\n<!-- \/ Yoast SEO plugin. -->","yoast_head_json":{"title":"Contact - Taurus","robots":{"index":"index","follow":"follow","max-snippet":"max-snippet:-1","max-image-preview":"max-image-preview:large","max-video-preview":"max-video-preview:-1"},"canonical":"https:\/\/agrifoodtalent.eu\/es\/contact\/","og_locale":"es_ES","og_type":"article","og_title":"Contact - Taurus","og_description":"Contact If you would like more information about the TAURUS project, wish to collaborate with us, or have any questions, please do not hesitate to get in touch. Get in Touch For general inquiries, partnership opportunities, or media requests, please use this form. For project updates, subscribe to our newsletter. Coordinator: ASSOCIACI\u00d3 CL\u00daSTER DIGITAL DE [&hellip;]","og_url":"https:\/\/agrifoodtalent.eu\/es\/contact\/","og_site_name":"Taurus","article_modified_time":"2025-10-28T14:27:58+00:00","og_image":[{"width":261,"height":217,"url":"https:\/\/agrifoodtalent.eu\/wp-content\/uploads\/2025\/10\/orange_plane.webp","type":"image\/webp"}],"twitter_card":"summary_large_image","twitter_misc":{"Tiempo de lectura":"1 minuto"},"schema":{"@context":"https:\/\/schema.org","@graph":[{"@type":"WebPage","@id":"https:\/\/agrifoodtalent.eu\/contact\/","url":"https:\/\/agrifoodtalent.eu\/contact\/","name":"Contact - Taurus","isPartOf":{"@id":"https:\/\/agrifoodtalent.eu\/#website"},"primaryImageOfPage":{"@id":"https:\/\/agrifoodtalent.eu\/contact\/#primaryimage"},"image":{"@id":"https:\/\/agrifoodtalent.eu\/contact\/#primaryimage"},"thumbnailUrl":"https:\/\/agrifoodtalent.eu\/wp-content\/uploads\/2025\/10\/orange_plane.webp","datePublished":"2025-10-15T13:55:10+00:00","dateModified":"2025-10-28T14:27:58+00:00","breadcrumb":{"@id":"https:\/\/agrifoodtalent.eu\/contact\/#breadcrumb"},"inLanguage":"es","potentialAction":[{"@type":"ReadAction","target":["https:\/\/agrifoodtalent.eu\/contact\/"]}]},{"@type":"ImageObject","inLanguage":"es","@id":"https:\/\/agrifoodtalent.eu\/contact\/#primaryimage","url":"https:\/\/agrifoodtalent.eu\/wp-content\/uploads\/2025\/10\/orange_plane.webp","contentUrl":"https:\/\/agrifoodtalent.eu\/wp-content\/uploads\/2025\/10\/orange_plane.webp"},{"@type":"BreadcrumbList","@id":"https:\/\/agrifoodtalent.eu\/contact\/#breadcrumb","itemListElement":[{"@type":"ListItem","position":1,"name":"Portada","item":"https:\/\/agrifoodtalent.eu\/"},{"@type":"ListItem","position":2,"name":"Contact"}]},{"@type":"WebSite","@id":"https:\/\/agrifoodtalent.eu\/#website","url":"https:\/\/agrifoodtalent.eu\/","name":"Taurus","description":"Talent Accelerator for the agrifood manufacturing industry:  Re-skilling and Up-skilling of European workers.","publisher":{"@id":"https:\/\/agrifoodtalent.eu\/#organization"},"potentialAction":[{"@type":"SearchAction","target":{"@type":"EntryPoint","urlTemplate":"https:\/\/agrifoodtalent.eu\/?s={search_term_string}"},"query-input":{"@type":"PropertyValueSpecification","valueRequired":true,"valueName":"search_term_string"}}],"inLanguage":"es"},{"@type":"Organization","@id":"https:\/\/agrifoodtalent.eu\/#organization","name":"Taurus","url":"https:\/\/agrifoodtalent.eu\/","logo":{"@type":"ImageObject","inLanguage":"es","@id":"https:\/\/agrifoodtalent.eu\/#\/schema\/logo\/image\/","url":"https:\/\/agrifoodtalent.eu\/wp-content\/uploads\/2025\/10\/cropped-Favicon-verd-i-taronja.jpg","contentUrl":"https:\/\/agrifoodtalent.eu\/wp-content\/uploads\/2025\/10\/cropped-Favicon-verd-i-taronja.jpg","width":512,"height":512,"caption":"Taurus"},"image":{"@id":"https:\/\/agrifoodtalent.eu\/#\/schema\/logo\/image\/"}}]}},"_links":{"self":[{"href":"https:\/\/agrifoodtalent.eu\/es\/wp-json\/wp\/v2\/pages\/288","targetHints":{"allow":["GET"]}}],"collection":[{"href":"https:\/\/agrifoodtalent.eu\/es\/wp-json\/wp\/v2\/pages"}],"about":[{"href":"https:\/\/agrifoodtalent.eu\/es\/wp-json\/wp\/v2\/types\/page"}],"author":[{"embeddable":true,"href":"https:\/\/agrifoodtalent.eu\/es\/wp-json\/wp\/v2\/users\/1"}],"replies":[{"embeddable":true,"href":"https:\/\/agrifoodtalent.eu\/es\/wp-json\/wp\/v2\/comments?post=288"}],"version-history":[{"count":95,"href":"https:\/\/agrifoodtalent.eu\/es\/wp-json\/wp\/v2\/pages\/288\/revisions"}],"predecessor-version":[{"id":2577,"href":"https:\/\/agrifoodtalent.eu\/es\/wp-json\/wp\/v2\/pages\/288\/revisions\/2577"}],"wp:attachment":[{"href":"https:\/\/agrifoodtalent.eu\/es\/wp-json\/wp\/v2\/media?parent=288"}],"curies":[{"name":"wp","href":"https:\/\/api.w.org\/{rel}","templated":true}]}}