{"id":2485,"date":"2025-11-19T10:11:07","date_gmt":"2025-11-19T09:11:07","guid":{"rendered":"https:\/\/agrifoodtalent.eu\/?page_id=2485"},"modified":"2025-11-19T11:13:12","modified_gmt":"2025-11-19T10:13:12","slug":"courses","status":"publish","type":"page","link":"https:\/\/agrifoodtalent.eu\/es\/courses\/","title":{"rendered":"Cursos"},"content":{"rendered":"<div data-elementor-type=\"wp-page\" data-elementor-id=\"2485\" class=\"elementor elementor-2485\">\n\t\t\t\t<div class=\"elementor-element elementor-element-6293438 e-flex e-con-boxed e-con e-parent\" data-id=\"6293438\" data-element_type=\"container\" data-e-type=\"container\">\n\t\t\t\t\t<div class=\"e-con-inner\">\n\t\t\t\t<div class=\"elementor-element elementor-element-30fd24c elementor-widget elementor-widget-heading\" data-id=\"30fd24c\" data-element_type=\"widget\" data-e-type=\"widget\" data-widget_type=\"heading.default\">\n\t\t\t\t\t<h2 class=\"elementor-heading-title elementor-size-default\">Cat\u00e1logo de Cursos<\/h2>\t\t\t\t<\/div>\n\t\t\t\t<div class=\"elementor-element elementor-element-a48dbc3 elementor-widget__width-initial elementor-widget elementor-widget-text-editor\" data-id=\"a48dbc3\" data-element_type=\"widget\" data-e-type=\"widget\" data-widget_type=\"text-editor.default\">\n\t\t\t\t\t\t\t\t\t<p>Descubra nuestro laboratorio de reciclaje y mejora de las capacidades. Explore los cursos vinculados a nuestra plataforma Moodle dise\u00f1ada para cada etapa de madurez digital.<\/p>\t\t\t\t\t\t\t\t<\/div>\n\t\t<div class=\"elementor-element elementor-element-0cd5dca e-con-full e-flex e-con e-child\" data-id=\"0cd5dca\" data-element_type=\"container\" data-e-type=\"container\">\n\t\t\t\t<div class=\"elementor-element elementor-element-6a35e8c elementor-absolute e-transform elementor-widget elementor-widget-image\" data-id=\"6a35e8c\" data-element_type=\"widget\" data-e-type=\"widget\" data-settings=\"{&quot;_position&quot;:&quot;absolute&quot;,&quot;_transform_scale_effect&quot;:{&quot;unit&quot;:&quot;px&quot;,&quot;size&quot;:1.5,&quot;sizes&quot;:[]},&quot;_transform_scale_effect_tablet&quot;:{&quot;unit&quot;:&quot;px&quot;,&quot;size&quot;:&quot;&quot;,&quot;sizes&quot;:[]},&quot;_transform_scale_effect_mobile&quot;:{&quot;unit&quot;:&quot;px&quot;,&quot;size&quot;:&quot;&quot;,&quot;sizes&quot;:[]}}\" data-widget_type=\"image.default\">\n\t\t\t\t\t\t\t\t\t\t\t\t\t\t\t<img decoding=\"async\" width=\"231\" height=\"198\" src=\"https:\/\/agrifoodtalent.eu\/wp-content\/uploads\/2025\/10\/white-cloud.webp\" class=\"attachment-large size-large wp-image-280\" alt=\"Nube blanca\" \/>\t\t\t\t\t\t\t\t\t\t\t\t\t\t\t<\/div>\n\t\t\t\t<\/div>\n\t\t\t\t\t<\/div>\n\t\t\t\t<\/div>\n\t\t<div class=\"elementor-element elementor-element-e39e48b e-con-full e-flex e-con e-parent\" data-id=\"e39e48b\" data-element_type=\"container\" data-e-type=\"container\">\n\t\t<div class=\"elementor-element elementor-element-7f1691d e-con-full e-flex e-con e-child\" data-id=\"7f1691d\" data-element_type=\"container\" data-e-type=\"container\">\n\t\t<div class=\"elementor-element elementor-element-5cb40e8 e-con-full course-container e-transform e-flex e-con e-child\" data-id=\"5cb40e8\" data-element_type=\"container\" data-e-type=\"container\" data-settings=\"{&quot;background_background&quot;:&quot;classic&quot;,&quot;_transform_scale_effect_hover&quot;:{&quot;unit&quot;:&quot;px&quot;,&quot;size&quot;:1.025,&quot;sizes&quot;:[]},&quot;_transform_scale_effect_hover_tablet&quot;:{&quot;unit&quot;:&quot;px&quot;,&quot;size&quot;:&quot;&quot;,&quot;sizes&quot;:[]},&quot;_transform_scale_effect_hover_mobile&quot;:{&quot;unit&quot;:&quot;px&quot;,&quot;size&quot;:&quot;&quot;,&quot;sizes&quot;:[]}}\">\n\t\t\t\t<div class=\"elementor-element elementor-element-69b5bf1 course-image elementor-widget elementor-widget-image\" data-id=\"69b5bf1\" data-element_type=\"widget\" data-e-type=\"widget\" data-widget_type=\"image.default\">\n\t\t\t\t\t\t\t\t\t\t\t\t\t\t\t<img fetchpriority=\"high\" decoding=\"async\" width=\"1024\" height=\"683\" src=\"https:\/\/agrifoodtalent.eu\/wp-content\/uploads\/2025\/11\/compressed_pexels-gustavo-fring-56224921_2-1024x683.webp\" class=\"attachment-large size-large wp-image-2487\" alt=\"Sostenibilidad y Acci\u00f3n Clim\u00e1tica\" srcset=\"https:\/\/agrifoodtalent.eu\/wp-content\/uploads\/2025\/11\/compressed_pexels-gustavo-fring-56224921_2-1024x683.webp 1024w, https:\/\/agrifoodtalent.eu\/wp-content\/uploads\/2025\/11\/compressed_pexels-gustavo-fring-56224921_2-300x200.webp 300w, https:\/\/agrifoodtalent.eu\/wp-content\/uploads\/2025\/11\/compressed_pexels-gustavo-fring-56224921_2-768x512.webp 768w, https:\/\/agrifoodtalent.eu\/wp-content\/uploads\/2025\/11\/compressed_pexels-gustavo-fring-56224921_2-1536x1024.webp 1536w, https:\/\/agrifoodtalent.eu\/wp-content\/uploads\/2025\/11\/compressed_pexels-gustavo-fring-56224921_2-18x12.webp 18w, https:\/\/agrifoodtalent.eu\/wp-content\/uploads\/2025\/11\/compressed_pexels-gustavo-fring-56224921_2.webp 1620w\" sizes=\"(max-width: 1024px) 100vw, 1024px\" \/>\t\t\t\t\t\t\t\t\t\t\t\t\t\t\t<\/div>\n\t\t<div class=\"elementor-element elementor-element-c42873e e-con-full e-flex e-con e-child\" data-id=\"c42873e\" data-element_type=\"container\" data-e-type=\"container\">\n\t\t\t\t<div class=\"elementor-element elementor-element-c0a594d elementor-widget elementor-widget-heading\" data-id=\"c0a594d\" data-element_type=\"widget\" data-e-type=\"widget\" data-widget_type=\"heading.default\">\n\t\t\t\t\t<h4 class=\"elementor-heading-title elementor-size-default\">Sostenibilidad y Acci\u00f3n Clim\u00e1tica<\/h4>\t\t\t\t<\/div>\n\t\t\t\t<div class=\"elementor-element elementor-element-2a74d25 elementor-widget__width-inherit course-button elementor-widget elementor-widget-button\" data-id=\"2a74d25\" data-element_type=\"widget\" data-e-type=\"widget\" data-widget_type=\"button.default\">\n\t\t\t\t\t\t\t\t\t\t<a class=\"elementor-button elementor-button-link elementor-size-sm\" href=\"https:\/\/agrifoodtalent.eu\/es\/\">\n\t\t\t\t\t\t<span class=\"elementor-button-content-wrapper\">\n\t\t\t\t\t\t<span class=\"elementor-button-icon\">\n\t\t\t\t<svg aria-hidden=\"true\" class=\"e-font-icon-svg e-fas-sign-in-alt\" viewbox=\"0 0 512 512\" xmlns=\"http:\/\/www.w3.org\/2000\/svg\"><path d=\"M416 448h-84c-6.6 0-12-5.4-12-12v-40c0-6.6 5.4-12 12-12h84c17.7 0 32-14.3 32-32V160c0-17.7-14.3-32-32-32h-84c-6.6 0-12-5.4-12-12V76c0-6.6 5.4-12 12-12h84c53 0 96 43 96 96v192c0 53-43 96-96 96zm-47-201L201 79c-15-15-41-4.5-41 17v96H24c-13.3 0-24 10.7-24 24v96c0 13.3 10.7 24 24 24h136v96c0 21.5 26 32 41 17l168-168c9.3-9.4 9.3-24.6 0-34z\"><\/path><\/svg>\t\t\t<\/span>\n\t\t\t\t\t\t\t\t\t<span class=\"elementor-button-text\">Inscr\u00edbase en Moodle<\/span>\n\t\t\t\t\t<\/span>\n\t\t\t\t\t<\/a>\n\t\t\t\t\t\t\t\t<\/div>\n\t\t\t\t<\/div>\n\t\t\t\t<\/div>\n\t\t<div class=\"elementor-element elementor-element-d45abbc e-con-full course-container e-transform e-flex e-con e-child\" data-id=\"d45abbc\" data-element_type=\"container\" data-e-type=\"container\" data-settings=\"{&quot;background_background&quot;:&quot;classic&quot;,&quot;_transform_scale_effect_hover&quot;:{&quot;unit&quot;:&quot;px&quot;,&quot;size&quot;:1.025,&quot;sizes&quot;:[]},&quot;_transform_scale_effect_hover_tablet&quot;:{&quot;unit&quot;:&quot;px&quot;,&quot;size&quot;:&quot;&quot;,&quot;sizes&quot;:[]},&quot;_transform_scale_effect_hover_mobile&quot;:{&quot;unit&quot;:&quot;px&quot;,&quot;size&quot;:&quot;&quot;,&quot;sizes&quot;:[]}}\">\n\t\t\t\t<div class=\"elementor-element elementor-element-d70b5c5 course-image elementor-widget elementor-widget-image\" data-id=\"d70b5c5\" data-element_type=\"widget\" data-e-type=\"widget\" data-widget_type=\"image.default\">\n\t\t\t\t\t\t\t\t\t\t\t\t\t\t\t<img decoding=\"async\" width=\"1024\" height=\"683\" src=\"https:\/\/agrifoodtalent.eu\/wp-content\/uploads\/2025\/11\/compressed_pexels-thisisengineering-39125091-1024x683.webp\" class=\"attachment-large size-large wp-image-2510\" alt=\"innovaci\u00f3n y digitalizaci\u00f3n\" srcset=\"https:\/\/agrifoodtalent.eu\/wp-content\/uploads\/2025\/11\/compressed_pexels-thisisengineering-39125091-1024x683.webp 1024w, https:\/\/agrifoodtalent.eu\/wp-content\/uploads\/2025\/11\/compressed_pexels-thisisengineering-39125091-300x200.webp 300w, https:\/\/agrifoodtalent.eu\/wp-content\/uploads\/2025\/11\/compressed_pexels-thisisengineering-39125091-768x512.webp 768w, https:\/\/agrifoodtalent.eu\/wp-content\/uploads\/2025\/11\/compressed_pexels-thisisengineering-39125091-1536x1025.webp 1536w, https:\/\/agrifoodtalent.eu\/wp-content\/uploads\/2025\/11\/compressed_pexels-thisisengineering-39125091-18x12.webp 18w, https:\/\/agrifoodtalent.eu\/wp-content\/uploads\/2025\/11\/compressed_pexels-thisisengineering-39125091.webp 1619w\" sizes=\"(max-width: 1024px) 100vw, 1024px\" \/>\t\t\t\t\t\t\t\t\t\t\t\t\t\t\t<\/div>\n\t\t<div class=\"elementor-element elementor-element-41744c8 e-con-full e-flex e-con e-child\" data-id=\"41744c8\" data-element_type=\"container\" data-e-type=\"container\">\n\t\t\t\t<div class=\"elementor-element elementor-element-0695dd2 elementor-widget elementor-widget-heading\" data-id=\"0695dd2\" data-element_type=\"widget\" data-e-type=\"widget\" data-widget_type=\"heading.default\">\n\t\t\t\t\t<h4 class=\"elementor-heading-title elementor-size-default\">Innovaci\u00f3n y digitalizaci\u00f3n<\/h4>\t\t\t\t<\/div>\n\t\t\t\t<div class=\"elementor-element elementor-element-0886f09 elementor-widget__width-inherit course-button elementor-widget elementor-widget-button\" data-id=\"0886f09\" data-element_type=\"widget\" data-e-type=\"widget\" data-widget_type=\"button.default\">\n\t\t\t\t\t\t\t\t\t\t<a class=\"elementor-button elementor-button-link elementor-size-sm\" href=\"https:\/\/agrifoodtalent.eu\/es\/\">\n\t\t\t\t\t\t<span class=\"elementor-button-content-wrapper\">\n\t\t\t\t\t\t<span class=\"elementor-button-icon\">\n\t\t\t\t<svg aria-hidden=\"true\" class=\"e-font-icon-svg e-fas-sign-in-alt\" viewbox=\"0 0 512 512\" xmlns=\"http:\/\/www.w3.org\/2000\/svg\"><path d=\"M416 448h-84c-6.6 0-12-5.4-12-12v-40c0-6.6 5.4-12 12-12h84c17.7 0 32-14.3 32-32V160c0-17.7-14.3-32-32-32h-84c-6.6 0-12-5.4-12-12V76c0-6.6 5.4-12 12-12h84c53 0 96 43 96 96v192c0 53-43 96-96 96zm-47-201L201 79c-15-15-41-4.5-41 17v96H24c-13.3 0-24 10.7-24 24v96c0 13.3 10.7 24 24 24h136v96c0 21.5 26 32 41 17l168-168c9.3-9.4 9.3-24.6 0-34z\"><\/path><\/svg>\t\t\t<\/span>\n\t\t\t\t\t\t\t\t\t<span class=\"elementor-button-text\">Inscr\u00edbase en Moodle<\/span>\n\t\t\t\t\t<\/span>\n\t\t\t\t\t<\/a>\n\t\t\t\t\t\t\t\t<\/div>\n\t\t\t\t<\/div>\n\t\t\t\t<\/div>\n\t\t<div class=\"elementor-element elementor-element-9816a8a e-con-full course-container e-transform e-flex e-con e-child\" data-id=\"9816a8a\" data-element_type=\"container\" data-e-type=\"container\" data-settings=\"{&quot;background_background&quot;:&quot;classic&quot;,&quot;_transform_scale_effect_hover&quot;:{&quot;unit&quot;:&quot;px&quot;,&quot;size&quot;:1.025,&quot;sizes&quot;:[]},&quot;_transform_scale_effect_hover_tablet&quot;:{&quot;unit&quot;:&quot;px&quot;,&quot;size&quot;:&quot;&quot;,&quot;sizes&quot;:[]},&quot;_transform_scale_effect_hover_mobile&quot;:{&quot;unit&quot;:&quot;px&quot;,&quot;size&quot;:&quot;&quot;,&quot;sizes&quot;:[]}}\">\n\t\t\t\t<div class=\"elementor-element elementor-element-f2ea7ec course-image elementor-widget elementor-widget-image\" data-id=\"f2ea7ec\" data-element_type=\"widget\" data-e-type=\"widget\" data-widget_type=\"image.default\">\n\t\t\t\t\t\t\t\t\t\t\t\t\t\t\t<img loading=\"lazy\" decoding=\"async\" width=\"1000\" height=\"667\" src=\"https:\/\/agrifoodtalent.eu\/wp-content\/uploads\/2025\/11\/generation-renewal.webp\" class=\"attachment-large size-large wp-image-2511\" alt=\"Renovaci\u00f3n de la generaci\u00f3n\" srcset=\"https:\/\/agrifoodtalent.eu\/wp-content\/uploads\/2025\/11\/generation-renewal.webp 1000w, https:\/\/agrifoodtalent.eu\/wp-content\/uploads\/2025\/11\/generation-renewal-300x200.webp 300w, https:\/\/agrifoodtalent.eu\/wp-content\/uploads\/2025\/11\/generation-renewal-768x512.webp 768w, https:\/\/agrifoodtalent.eu\/wp-content\/uploads\/2025\/11\/generation-renewal-18x12.webp 18w\" sizes=\"(max-width: 1000px) 100vw, 1000px\" \/>\t\t\t\t\t\t\t\t\t\t\t\t\t\t\t<\/div>\n\t\t<div class=\"elementor-element elementor-element-c0faaa5 e-con-full e-flex e-con e-child\" data-id=\"c0faaa5\" data-element_type=\"container\" data-e-type=\"container\">\n\t\t\t\t<div class=\"elementor-element elementor-element-185164c elementor-widget elementor-widget-heading\" data-id=\"185164c\" data-element_type=\"widget\" data-e-type=\"widget\" data-widget_type=\"heading.default\">\n\t\t\t\t\t<h4 class=\"elementor-heading-title elementor-size-default\">Renovaci\u00f3n de Generaci\u00f3n<\/h4>\t\t\t\t<\/div>\n\t\t\t\t<div class=\"elementor-element elementor-element-3a568da elementor-widget__width-inherit course-button elementor-widget elementor-widget-button\" data-id=\"3a568da\" data-element_type=\"widget\" data-e-type=\"widget\" data-widget_type=\"button.default\">\n\t\t\t\t\t\t\t\t\t\t<a class=\"elementor-button elementor-button-link elementor-size-sm\" href=\"https:\/\/agrifoodtalent.eu\/es\/\">\n\t\t\t\t\t\t<span class=\"elementor-button-content-wrapper\">\n\t\t\t\t\t\t<span class=\"elementor-button-icon\">\n\t\t\t\t<svg aria-hidden=\"true\" class=\"e-font-icon-svg e-fas-sign-in-alt\" viewbox=\"0 0 512 512\" xmlns=\"http:\/\/www.w3.org\/2000\/svg\"><path d=\"M416 448h-84c-6.6 0-12-5.4-12-12v-40c0-6.6 5.4-12 12-12h84c17.7 0 32-14.3 32-32V160c0-17.7-14.3-32-32-32h-84c-6.6 0-12-5.4-12-12V76c0-6.6 5.4-12 12-12h84c53 0 96 43 96 96v192c0 53-43 96-96 96zm-47-201L201 79c-15-15-41-4.5-41 17v96H24c-13.3 0-24 10.7-24 24v96c0 13.3 10.7 24 24 24h136v96c0 21.5 26 32 41 17l168-168c9.3-9.4 9.3-24.6 0-34z\"><\/path><\/svg>\t\t\t<\/span>\n\t\t\t\t\t\t\t\t\t<span class=\"elementor-button-text\">Inscr\u00edbase en Moodle<\/span>\n\t\t\t\t\t<\/span>\n\t\t\t\t\t<\/a>\n\t\t\t\t\t\t\t\t<\/div>\n\t\t\t\t<\/div>\n\t\t\t\t<\/div>\n\t\t\t\t<\/div>\n\t\t\t\t<div class=\"elementor-element elementor-element-d8b8d5d elementor-widget elementor-widget-spacer\" data-id=\"d8b8d5d\" data-element_type=\"widget\" data-e-type=\"widget\" data-widget_type=\"spacer.default\">\n\t\t\t\t\t\t\t<div class=\"elementor-spacer\">\n\t\t\t<div class=\"elementor-spacer-inner\"><\/div>\n\t\t<\/div>\n\t\t\t\t\t\t<\/div>\n\t\t\t\t<\/div>\n\t\t\t\t<\/div>","protected":false},"excerpt":{"rendered":"<p>Cat\u00e1logo de cursos Descubra nuestro laboratorio de reciclaje y perfeccionamiento profesional. Explore los cursos vinculados a nuestra plataforma Moodle dise\u00f1ada para cada etapa de madurez digital. Sustentabilidad y Acci\u00f3n Clim\u00e1tica Inscr\u00edbase en Moodle Innovaci\u00f3n y Digitalizaci\u00f3n Inscr\u00edbase en Moodle Renovaci\u00f3n Generaci\u00f3n Inscr\u00edbase en Moodle<\/p>","protected":false},"author":1,"featured_media":0,"parent":0,"menu_order":0,"comment_status":"closed","ping_status":"closed","template":"","meta":{"footnotes":""},"class_list":["post-2485","page","type-page","status-publish","hentry"],"yoast_head":"<!-- This site is optimized with the Yoast SEO plugin v27.4 - https:\/\/yoast.com\/product\/yoast-seo-wordpress\/ -->\n<title>Courses - Taurus<\/title>\n<meta name=\"robots\" content=\"index, follow, max-snippet:-1, max-image-preview:large, max-video-preview:-1\" \/>\n<link rel=\"canonical\" href=\"https:\/\/agrifoodtalent.eu\/es\/courses\/\" \/>\n<meta property=\"og:locale\" content=\"es_ES\" \/>\n<meta property=\"og:type\" content=\"article\" \/>\n<meta property=\"og:title\" content=\"Courses - Taurus\" \/>\n<meta property=\"og:description\" content=\"Courses Catalogue Discover our Re-skilling and Up-skilling Lab. Browse courses linked to our Moodle platform designed for every stage of digital maturity. Sustainability and Climate Action Enroll on Moodle Innovation and Digitalization Enroll on Moodle Generation Renewal Enroll on Moodle\" \/>\n<meta property=\"og:url\" content=\"https:\/\/agrifoodtalent.eu\/es\/courses\/\" \/>\n<meta property=\"og:site_name\" content=\"Taurus\" \/>\n<meta property=\"article:modified_time\" content=\"2025-11-19T10:13:12+00:00\" \/>\n<meta property=\"og:image\" content=\"https:\/\/agrifoodtalent.eu\/wp-content\/uploads\/2025\/10\/white-cloud.webp\" \/>\n\t<meta property=\"og:image:width\" content=\"231\" \/>\n\t<meta property=\"og:image:height\" content=\"198\" \/>\n\t<meta property=\"og:image:type\" content=\"image\/webp\" \/>\n<meta name=\"twitter:card\" content=\"summary_large_image\" \/>\n<meta name=\"twitter:label1\" content=\"Tiempo de lectura\" \/>\n\t<meta name=\"twitter:data1\" content=\"1 minuto\" \/>\n<script type=\"application\/ld+json\" class=\"yoast-schema-graph\">{\"@context\":\"https:\\\/\\\/schema.org\",\"@graph\":[{\"@type\":\"WebPage\",\"@id\":\"https:\\\/\\\/agrifoodtalent.eu\\\/courses\\\/\",\"url\":\"https:\\\/\\\/agrifoodtalent.eu\\\/courses\\\/\",\"name\":\"Courses - Taurus\",\"isPartOf\":{\"@id\":\"https:\\\/\\\/agrifoodtalent.eu\\\/#website\"},\"primaryImageOfPage\":{\"@id\":\"https:\\\/\\\/agrifoodtalent.eu\\\/courses\\\/#primaryimage\"},\"image\":{\"@id\":\"https:\\\/\\\/agrifoodtalent.eu\\\/courses\\\/#primaryimage\"},\"thumbnailUrl\":\"https:\\\/\\\/agrifoodtalent.eu\\\/wp-content\\\/uploads\\\/2025\\\/10\\\/white-cloud.webp\",\"datePublished\":\"2025-11-19T09:11:07+00:00\",\"dateModified\":\"2025-11-19T10:13:12+00:00\",\"breadcrumb\":{\"@id\":\"https:\\\/\\\/agrifoodtalent.eu\\\/courses\\\/#breadcrumb\"},\"inLanguage\":\"es\",\"potentialAction\":[{\"@type\":\"ReadAction\",\"target\":[\"https:\\\/\\\/agrifoodtalent.eu\\\/courses\\\/\"]}]},{\"@type\":\"ImageObject\",\"inLanguage\":\"es\",\"@id\":\"https:\\\/\\\/agrifoodtalent.eu\\\/courses\\\/#primaryimage\",\"url\":\"https:\\\/\\\/agrifoodtalent.eu\\\/wp-content\\\/uploads\\\/2025\\\/10\\\/white-cloud.webp\",\"contentUrl\":\"https:\\\/\\\/agrifoodtalent.eu\\\/wp-content\\\/uploads\\\/2025\\\/10\\\/white-cloud.webp\"},{\"@type\":\"BreadcrumbList\",\"@id\":\"https:\\\/\\\/agrifoodtalent.eu\\\/courses\\\/#breadcrumb\",\"itemListElement\":[{\"@type\":\"ListItem\",\"position\":1,\"name\":\"Portada\",\"item\":\"https:\\\/\\\/agrifoodtalent.eu\\\/\"},{\"@type\":\"ListItem\",\"position\":2,\"name\":\"Courses\"}]},{\"@type\":\"WebSite\",\"@id\":\"https:\\\/\\\/agrifoodtalent.eu\\\/#website\",\"url\":\"https:\\\/\\\/agrifoodtalent.eu\\\/\",\"name\":\"Taurus\",\"description\":\"Talent Accelerator for the agrifood manufacturing industry:  Re-skilling and Up-skilling of European workers.\",\"publisher\":{\"@id\":\"https:\\\/\\\/agrifoodtalent.eu\\\/#organization\"},\"potentialAction\":[{\"@type\":\"SearchAction\",\"target\":{\"@type\":\"EntryPoint\",\"urlTemplate\":\"https:\\\/\\\/agrifoodtalent.eu\\\/?s={search_term_string}\"},\"query-input\":{\"@type\":\"PropertyValueSpecification\",\"valueRequired\":true,\"valueName\":\"search_term_string\"}}],\"inLanguage\":\"es\"},{\"@type\":\"Organization\",\"@id\":\"https:\\\/\\\/agrifoodtalent.eu\\\/#organization\",\"name\":\"Taurus\",\"url\":\"https:\\\/\\\/agrifoodtalent.eu\\\/\",\"logo\":{\"@type\":\"ImageObject\",\"inLanguage\":\"es\",\"@id\":\"https:\\\/\\\/agrifoodtalent.eu\\\/#\\\/schema\\\/logo\\\/image\\\/\",\"url\":\"https:\\\/\\\/agrifoodtalent.eu\\\/wp-content\\\/uploads\\\/2025\\\/10\\\/cropped-Favicon-verd-i-taronja.jpg\",\"contentUrl\":\"https:\\\/\\\/agrifoodtalent.eu\\\/wp-content\\\/uploads\\\/2025\\\/10\\\/cropped-Favicon-verd-i-taronja.jpg\",\"width\":512,\"height\":512,\"caption\":\"Taurus\"},\"image\":{\"@id\":\"https:\\\/\\\/agrifoodtalent.eu\\\/#\\\/schema\\\/logo\\\/image\\\/\"}}]}<\/script>\n<!-- \/ Yoast SEO plugin. -->","yoast_head_json":{"title":"Courses - Taurus","robots":{"index":"index","follow":"follow","max-snippet":"max-snippet:-1","max-image-preview":"max-image-preview:large","max-video-preview":"max-video-preview:-1"},"canonical":"https:\/\/agrifoodtalent.eu\/es\/courses\/","og_locale":"es_ES","og_type":"article","og_title":"Courses - Taurus","og_description":"Courses Catalogue Discover our Re-skilling and Up-skilling Lab. Browse courses linked to our Moodle platform designed for every stage of digital maturity. Sustainability and Climate Action Enroll on Moodle Innovation and Digitalization Enroll on Moodle Generation Renewal Enroll on Moodle","og_url":"https:\/\/agrifoodtalent.eu\/es\/courses\/","og_site_name":"Taurus","article_modified_time":"2025-11-19T10:13:12+00:00","og_image":[{"width":231,"height":198,"url":"https:\/\/agrifoodtalent.eu\/wp-content\/uploads\/2025\/10\/white-cloud.webp","type":"image\/webp"}],"twitter_card":"summary_large_image","twitter_misc":{"Tiempo de lectura":"1 minuto"},"schema":{"@context":"https:\/\/schema.org","@graph":[{"@type":"WebPage","@id":"https:\/\/agrifoodtalent.eu\/courses\/","url":"https:\/\/agrifoodtalent.eu\/courses\/","name":"Courses - Taurus","isPartOf":{"@id":"https:\/\/agrifoodtalent.eu\/#website"},"primaryImageOfPage":{"@id":"https:\/\/agrifoodtalent.eu\/courses\/#primaryimage"},"image":{"@id":"https:\/\/agrifoodtalent.eu\/courses\/#primaryimage"},"thumbnailUrl":"https:\/\/agrifoodtalent.eu\/wp-content\/uploads\/2025\/10\/white-cloud.webp","datePublished":"2025-11-19T09:11:07+00:00","dateModified":"2025-11-19T10:13:12+00:00","breadcrumb":{"@id":"https:\/\/agrifoodtalent.eu\/courses\/#breadcrumb"},"inLanguage":"es","potentialAction":[{"@type":"ReadAction","target":["https:\/\/agrifoodtalent.eu\/courses\/"]}]},{"@type":"ImageObject","inLanguage":"es","@id":"https:\/\/agrifoodtalent.eu\/courses\/#primaryimage","url":"https:\/\/agrifoodtalent.eu\/wp-content\/uploads\/2025\/10\/white-cloud.webp","contentUrl":"https:\/\/agrifoodtalent.eu\/wp-content\/uploads\/2025\/10\/white-cloud.webp"},{"@type":"BreadcrumbList","@id":"https:\/\/agrifoodtalent.eu\/courses\/#breadcrumb","itemListElement":[{"@type":"ListItem","position":1,"name":"Portada","item":"https:\/\/agrifoodtalent.eu\/"},{"@type":"ListItem","position":2,"name":"Courses"}]},{"@type":"WebSite","@id":"https:\/\/agrifoodtalent.eu\/#website","url":"https:\/\/agrifoodtalent.eu\/","name":"Taurus","description":"Talent Accelerator for the agrifood manufacturing industry:  Re-skilling and Up-skilling of European workers.","publisher":{"@id":"https:\/\/agrifoodtalent.eu\/#organization"},"potentialAction":[{"@type":"SearchAction","target":{"@type":"EntryPoint","urlTemplate":"https:\/\/agrifoodtalent.eu\/?s={search_term_string}"},"query-input":{"@type":"PropertyValueSpecification","valueRequired":true,"valueName":"search_term_string"}}],"inLanguage":"es"},{"@type":"Organization","@id":"https:\/\/agrifoodtalent.eu\/#organization","name":"Taurus","url":"https:\/\/agrifoodtalent.eu\/","logo":{"@type":"ImageObject","inLanguage":"es","@id":"https:\/\/agrifoodtalent.eu\/#\/schema\/logo\/image\/","url":"https:\/\/agrifoodtalent.eu\/wp-content\/uploads\/2025\/10\/cropped-Favicon-verd-i-taronja.jpg","contentUrl":"https:\/\/agrifoodtalent.eu\/wp-content\/uploads\/2025\/10\/cropped-Favicon-verd-i-taronja.jpg","width":512,"height":512,"caption":"Taurus"},"image":{"@id":"https:\/\/agrifoodtalent.eu\/#\/schema\/logo\/image\/"}}]}},"_links":{"self":[{"href":"https:\/\/agrifoodtalent.eu\/es\/wp-json\/wp\/v2\/pages\/2485","targetHints":{"allow":["GET"]}}],"collection":[{"href":"https:\/\/agrifoodtalent.eu\/es\/wp-json\/wp\/v2\/pages"}],"about":[{"href":"https:\/\/agrifoodtalent.eu\/es\/wp-json\/wp\/v2\/types\/page"}],"author":[{"embeddable":true,"href":"https:\/\/agrifoodtalent.eu\/es\/wp-json\/wp\/v2\/users\/1"}],"replies":[{"embeddable":true,"href":"https:\/\/agrifoodtalent.eu\/es\/wp-json\/wp\/v2\/comments?post=2485"}],"version-history":[{"count":61,"href":"https:\/\/agrifoodtalent.eu\/es\/wp-json\/wp\/v2\/pages\/2485\/revisions"}],"predecessor-version":[{"id":2557,"href":"https:\/\/agrifoodtalent.eu\/es\/wp-json\/wp\/v2\/pages\/2485\/revisions\/2557"}],"wp:attachment":[{"href":"https:\/\/agrifoodtalent.eu\/es\/wp-json\/wp\/v2\/media?parent=2485"}],"curies":[{"name":"wp","href":"https:\/\/api.w.org\/{rel}","templated":true}]}}