{"id":183,"date":"2025-10-07T10:34:30","date_gmt":"2025-10-07T08:34:30","guid":{"rendered":"http:\/\/agrifoodtalent.eu\/?page_id=183"},"modified":"2025-10-28T17:29:15","modified_gmt":"2025-10-28T16:29:15","slug":"about-us","status":"publish","type":"page","link":"https:\/\/agrifoodtalent.eu\/es\/about-us\/","title":{"rendered":"Acerca de nosotros"},"content":{"rendered":"<div data-elementor-type=\"wp-page\" data-elementor-id=\"183\" class=\"elementor elementor-183\">\n\t\t\t\t<div class=\"elementor-element elementor-element-ed9c6ea e-flex e-con-boxed e-con e-parent\" data-id=\"ed9c6ea\" data-element_type=\"container\" data-e-type=\"container\">\n\t\t\t\t\t<div class=\"e-con-inner\">\n\t\t\t\t<div class=\"elementor-element elementor-element-6b91786 elementor-widget elementor-widget-heading\" data-id=\"6b91786\" data-element_type=\"widget\" data-e-type=\"widget\" data-widget_type=\"heading.default\">\n\t\t\t\t\t<h2 class=\"elementor-heading-title elementor-size-default\">Acerca de The TAURUS Proyecto<\/h2>\t\t\t\t<\/div>\n\t\t\t\t<div class=\"elementor-element elementor-element-d286b87 elementor-widget__width-initial elementor-widget elementor-widget-text-editor\" data-id=\"d286b87\" data-element_type=\"widget\" data-e-type=\"widget\" data-widget_type=\"text-editor.default\">\n\t\t\t\t\t\t\t\t\t<p>El primer Acelerador Europeo del Talento para la industria manufacturera agroalimentaria, dise\u00f1ado para reciclar y mejorar las capacidades de la mano de obra para los desaf\u00edos de la Industria 4.0 y 5.0.<\/p>\t\t\t\t\t\t\t\t<\/div>\n\t\t\t\t\t<\/div>\n\t\t\t\t<\/div>\n\t\t<div class=\"elementor-element elementor-element-ebe3980 e-flex e-con-boxed e-con e-parent\" data-id=\"ebe3980\" data-element_type=\"container\" data-e-type=\"container\">\n\t\t\t\t\t<div class=\"e-con-inner\">\n\t\t\t\t<div class=\"elementor-element elementor-element-72e44dc elementor-absolute e-transform elementor-widget elementor-widget-image\" data-id=\"72e44dc\" data-element_type=\"widget\" data-e-type=\"widget\" data-settings=\"{&quot;_position&quot;:&quot;absolute&quot;,&quot;_transform_rotateZ_effect&quot;:{&quot;unit&quot;:&quot;px&quot;,&quot;size&quot;:31,&quot;sizes&quot;:[]},&quot;_transform_rotateZ_effect_tablet&quot;:{&quot;unit&quot;:&quot;deg&quot;,&quot;size&quot;:&quot;&quot;,&quot;sizes&quot;:[]},&quot;_transform_rotateZ_effect_mobile&quot;:{&quot;unit&quot;:&quot;deg&quot;,&quot;size&quot;:&quot;&quot;,&quot;sizes&quot;:[]}}\" data-widget_type=\"image.default\">\n\t\t\t\t\t\t\t\t\t\t\t\t\t\t\t<img fetchpriority=\"high\" decoding=\"async\" width=\"247\" height=\"243\" src=\"https:\/\/agrifoodtalent.eu\/wp-content\/uploads\/2025\/10\/Screenshot_1-1.webp\" class=\"attachment-large size-large wp-image-312\" alt=\"amarillo_plano\" \/>\t\t\t\t\t\t\t\t\t\t\t\t\t\t\t<\/div>\n\t\t\t\t\t<\/div>\n\t\t\t\t<\/div>\n\t\t<div class=\"elementor-element elementor-element-ae61708 e-con-full e-flex elementor-invisible e-con e-parent\" data-id=\"ae61708\" data-element_type=\"container\" data-e-type=\"container\" data-settings=\"{&quot;animation&quot;:&quot;fadeInLeft&quot;}\">\n\t\t<div class=\"elementor-element elementor-element-6795c48 e-con-full e-transform us-card e-flex e-con e-child\" data-id=\"6795c48\" data-element_type=\"container\" data-e-type=\"container\" data-settings=\"{&quot;background_background&quot;:&quot;classic&quot;,&quot;_transform_scale_effect_hover&quot;:{&quot;unit&quot;:&quot;px&quot;,&quot;size&quot;:1.05,&quot;sizes&quot;:[]},&quot;_transform_scale_effect_hover_tablet&quot;:{&quot;unit&quot;:&quot;px&quot;,&quot;size&quot;:&quot;&quot;,&quot;sizes&quot;:[]},&quot;_transform_scale_effect_hover_mobile&quot;:{&quot;unit&quot;:&quot;px&quot;,&quot;size&quot;:&quot;&quot;,&quot;sizes&quot;:[]}}\">\n\t\t\t\t<div class=\"elementor-element elementor-element-6d7591d elementor-widget elementor-widget-image\" data-id=\"6d7591d\" data-element_type=\"widget\" data-e-type=\"widget\" data-widget_type=\"image.default\">\n\t\t\t\t\t\t\t\t\t\t\t\t\t\t\t<img decoding=\"async\" width=\"1024\" height=\"683\" src=\"https:\/\/agrifoodtalent.eu\/wp-content\/uploads\/2025\/10\/pexels-shvetsa-5230960-1024x683.jpg\" class=\"attachment-large size-large wp-image-2059\" alt=\"plant-tablet\" srcset=\"https:\/\/agrifoodtalent.eu\/wp-content\/uploads\/2025\/10\/pexels-shvetsa-5230960-1024x683.jpg 1024w, https:\/\/agrifoodtalent.eu\/wp-content\/uploads\/2025\/10\/pexels-shvetsa-5230960-300x200.jpg 300w, https:\/\/agrifoodtalent.eu\/wp-content\/uploads\/2025\/10\/pexels-shvetsa-5230960-768x512.jpg 768w, https:\/\/agrifoodtalent.eu\/wp-content\/uploads\/2025\/10\/pexels-shvetsa-5230960-1536x1024.jpg 1536w, https:\/\/agrifoodtalent.eu\/wp-content\/uploads\/2025\/10\/pexels-shvetsa-5230960-2048x1365.jpg 2048w, https:\/\/agrifoodtalent.eu\/wp-content\/uploads\/2025\/10\/pexels-shvetsa-5230960-18x12.jpg 18w\" sizes=\"(max-width: 1024px) 100vw, 1024px\" \/>\t\t\t\t\t\t\t\t\t\t\t\t\t\t\t<\/div>\n\t\t<div class=\"elementor-element elementor-element-c29fcbd e-con-full e-flex e-con e-child\" data-id=\"c29fcbd\" data-element_type=\"container\" data-e-type=\"container\">\n\t\t\t\t<div class=\"elementor-element elementor-element-9ae0f69 elementor-widget elementor-widget-heading\" data-id=\"9ae0f69\" data-element_type=\"widget\" data-e-type=\"widget\" data-widget_type=\"heading.default\">\n\t\t\t\t\t<h3 class=\"elementor-heading-title elementor-size-default\">El reto: Cerrando la brecha en la transformaci\u00f3n digital<\/h3>\t\t\t\t<\/div>\n\t\t\t\t<div class=\"elementor-element elementor-element-b7f48de elementor-widget elementor-widget-text-editor\" data-id=\"b7f48de\" data-element_type=\"widget\" data-e-type=\"widget\" data-widget_type=\"text-editor.default\">\n\t\t\t\t\t\t\t\t\t<p class=\"text-gray-700 mb-4\">La industria agroalimentaria europea est\u00e1 experimentando una profunda transformaci\u00f3n: una transici\u00f3n hacia un futuro m\u00e1s ecol\u00f3gico y digitalizado. Este cambio a la Industria 4.0 y 5.0 exige nuevas tecnolog\u00edas, pr\u00e1cticas sostenibles y una fuerza laboral equipada con habilidades completamente nuevas.<\/p><p class=\"text-gray-700\">Muchas peque\u00f1as y medianas empresas (pymes) se enfrentan a obst\u00e1culos significativos, como la falta de conocimientos t\u00e9cnicos, los retos de inversi\u00f3n y una brecha cr\u00edtica en las competencias de la mano de obra.<\/p>\t\t\t\t\t\t\t\t<\/div>\n\t\t\t\t<\/div>\n\t\t\t\t<\/div>\n\t\t\t\t<\/div>\n\t\t<div class=\"elementor-element elementor-element-55694a4 e-flex e-con-boxed e-con e-parent\" data-id=\"55694a4\" data-element_type=\"container\" data-e-type=\"container\">\n\t\t\t\t\t<div class=\"e-con-inner\">\n\t\t\t\t<div class=\"elementor-element elementor-element-a867b45 elementor-absolute elementor-widget elementor-widget-image\" data-id=\"a867b45\" data-element_type=\"widget\" data-e-type=\"widget\" data-settings=\"{&quot;_position&quot;:&quot;absolute&quot;}\" data-widget_type=\"image.default\">\n\t\t\t\t\t\t\t\t\t\t\t\t\t\t\t<img decoding=\"async\" width=\"231\" height=\"198\" src=\"https:\/\/agrifoodtalent.eu\/wp-content\/uploads\/2025\/10\/white-cloud.webp\" class=\"attachment-large size-large wp-image-280\" alt=\"Nube blanca\" \/>\t\t\t\t\t\t\t\t\t\t\t\t\t\t\t<\/div>\n\t\t\t\t\t<\/div>\n\t\t\t\t<\/div>\n\t\t<div class=\"elementor-element elementor-element-c89a0d5 e-con-full e-flex elementor-invisible e-con e-parent\" data-id=\"c89a0d5\" data-element_type=\"container\" data-e-type=\"container\" data-settings=\"{&quot;animation&quot;:&quot;fadeInRight&quot;}\">\n\t\t<div class=\"elementor-element elementor-element-c803c59 e-con-full e-transform us-card e-flex e-con e-child\" data-id=\"c803c59\" data-element_type=\"container\" data-e-type=\"container\" data-settings=\"{&quot;background_background&quot;:&quot;classic&quot;,&quot;_transform_scale_effect_hover&quot;:{&quot;unit&quot;:&quot;px&quot;,&quot;size&quot;:1.05,&quot;sizes&quot;:[]},&quot;_transform_scale_effect_hover_tablet&quot;:{&quot;unit&quot;:&quot;px&quot;,&quot;size&quot;:&quot;&quot;,&quot;sizes&quot;:[]},&quot;_transform_scale_effect_hover_mobile&quot;:{&quot;unit&quot;:&quot;px&quot;,&quot;size&quot;:&quot;&quot;,&quot;sizes&quot;:[]}}\">\n\t\t<div class=\"elementor-element elementor-element-b127111 e-con-full e-flex e-con e-child\" data-id=\"b127111\" data-element_type=\"container\" data-e-type=\"container\">\n\t\t\t\t<div class=\"elementor-element elementor-element-234849a elementor-widget elementor-widget-heading\" data-id=\"234849a\" data-element_type=\"widget\" data-e-type=\"widget\" data-widget_type=\"heading.default\">\n\t\t\t\t\t<h3 class=\"elementor-heading-title elementor-size-default\">Nuestra soluci\u00f3n: Un acelerador de talentos<\/h3>\t\t\t\t<\/div>\n\t\t\t\t<div class=\"elementor-element elementor-element-1421366 elementor-widget elementor-widget-text-editor\" data-id=\"1421366\" data-element_type=\"widget\" data-e-type=\"widget\" data-widget_type=\"text-editor.default\">\n\t\t\t\t\t\t\t\t\t<p class=\"text-gray-700 mb-4\">TAURUS es nuestra respuesta a este desaf\u00edo. Estamos construyendo el primer Acelerador Europeo del Talento para el sector de la fabricaci\u00f3n agroalimentaria, una plataforma digital innovadora impulsada por la IA que sirve de puente entre las necesidades de la industria y las capacidades de la mano de obra.<\/p><p class=\"text-gray-700\">A trav\u00e9s de un enfoque de doble laboratorio, proporcionamos a las pymes orientaci\u00f3n estrat\u00e9gica para su viaje digital y, al mismo tiempo, ofrecemos programas personalizados de reciclaje y mejora de las capacidades para sus empleados actuales y futuros.<\/p>\t\t\t\t\t\t\t\t<\/div>\n\t\t\t\t<\/div>\n\t\t\t\t<div class=\"elementor-element elementor-element-5c29079 elementor-widget elementor-widget-image\" data-id=\"5c29079\" data-element_type=\"widget\" data-e-type=\"widget\" data-widget_type=\"image.default\">\n\t\t\t\t\t\t\t\t\t\t\t\t\t\t\t<img loading=\"lazy\" decoding=\"async\" width=\"1024\" height=\"683\" src=\"https:\/\/agrifoodtalent.eu\/wp-content\/uploads\/2025\/10\/pexels-tima-miroshnichenko-6510867-1024x683.jpg\" class=\"attachment-large size-large wp-image-2076\" alt=\"Tableta de ni\u00f1a\" srcset=\"https:\/\/agrifoodtalent.eu\/wp-content\/uploads\/2025\/10\/pexels-tima-miroshnichenko-6510867-1024x683.jpg 1024w, https:\/\/agrifoodtalent.eu\/wp-content\/uploads\/2025\/10\/pexels-tima-miroshnichenko-6510867-300x200.jpg 300w, https:\/\/agrifoodtalent.eu\/wp-content\/uploads\/2025\/10\/pexels-tima-miroshnichenko-6510867-768x512.jpg 768w, https:\/\/agrifoodtalent.eu\/wp-content\/uploads\/2025\/10\/pexels-tima-miroshnichenko-6510867-1536x1024.jpg 1536w, https:\/\/agrifoodtalent.eu\/wp-content\/uploads\/2025\/10\/pexels-tima-miroshnichenko-6510867-2048x1365.jpg 2048w, https:\/\/agrifoodtalent.eu\/wp-content\/uploads\/2025\/10\/pexels-tima-miroshnichenko-6510867-18x12.jpg 18w\" sizes=\"(max-width: 1024px) 100vw, 1024px\" \/>\t\t\t\t\t\t\t\t\t\t\t\t\t\t\t<\/div>\n\t\t\t\t<\/div>\n\t\t\t\t<\/div>\n\t\t<div class=\"elementor-element elementor-element-0c25612 e-flex e-con-boxed e-con e-parent\" data-id=\"0c25612\" data-element_type=\"container\" data-e-type=\"container\">\n\t\t\t\t\t<div class=\"e-con-inner\">\n\t\t<div class=\"elementor-element elementor-element-11f1ed9 e-con-full e-flex e-con e-child\" data-id=\"11f1ed9\" data-element_type=\"container\" data-e-type=\"container\" data-settings=\"{&quot;background_background&quot;:&quot;classic&quot;}\">\n\t\t<div class=\"elementor-element elementor-element-a8752fa e-con-full about-icono e-flex e-con e-child\" data-id=\"a8752fa\" data-element_type=\"container\" data-e-type=\"container\" data-settings=\"{&quot;background_background&quot;:&quot;classic&quot;}\">\n\t\t\t\t<div class=\"elementor-element elementor-element-2c0e288 elementor-view-default elementor-widget elementor-widget-icon\" data-id=\"2c0e288\" data-element_type=\"widget\" data-e-type=\"widget\" data-widget_type=\"icon.default\">\n\t\t\t\t\t\t\t<div class=\"elementor-icon-wrapper\">\n\t\t\t<div class=\"elementor-icon\">\n\t\t\t<svg aria-hidden=\"true\" class=\"e-font-icon-svg e-far-dot-circle\" viewbox=\"0 0 512 512\" xmlns=\"http:\/\/www.w3.org\/2000\/svg\"><path d=\"M256 56c110.532 0 200 89.451 200 200 0 110.532-89.451 200-200 200-110.532 0-200-89.451-200-200 0-110.532 89.451-200 200-200m0-48C119.033 8 8 119.033 8 256s111.033 248 248 248 248-111.033 248-248S392.967 8 256 8zm0 168c-44.183 0-80 35.817-80 80s35.817 80 80 80 80-35.817 80-80-35.817-80-80-80z\"><\/path><\/svg>\t\t\t<\/div>\n\t\t<\/div>\n\t\t\t\t\t\t<\/div>\n\t\t\t\t<\/div>\n\t\t\t\t<div class=\"elementor-element elementor-element-34f66f1 elementor-widget elementor-widget-heading\" data-id=\"34f66f1\" data-element_type=\"widget\" data-e-type=\"widget\" data-widget_type=\"heading.default\">\n\t\t\t\t\t<h3 class=\"elementor-heading-title elementor-size-default\">Nuestra misi\u00f3n<\/h3>\t\t\t\t<\/div>\n\t\t\t\t<div class=\"elementor-element elementor-element-db55991 elementor-widget__width-initial elementor-widget elementor-widget-text-editor\" data-id=\"db55991\" data-element_type=\"widget\" data-e-type=\"widget\" data-widget_type=\"text-editor.default\">\n\t\t\t\t\t\t\t\t\t<p>Cerrar la brecha de habilidades en el sector agroalimentario proporcionando capacitaci\u00f3n espec\u00edfica, orientaci\u00f3n estrat\u00e9gica y una plataforma de colaboraci\u00f3n que empodere tanto a las empresas como a las personas para prosperar en la era de la Industria 5.0.<\/p>\t\t\t\t\t\t\t\t<\/div>\n\t\t\t\t<\/div>\n\t\t<div class=\"elementor-element elementor-element-3e48188 e-con-full e-flex e-con e-child\" data-id=\"3e48188\" data-element_type=\"container\" data-e-type=\"container\" data-settings=\"{&quot;background_background&quot;:&quot;classic&quot;}\">\n\t\t<div class=\"elementor-element elementor-element-cdc1fb7 e-con-full about-icono e-flex e-con e-child\" data-id=\"cdc1fb7\" data-element_type=\"container\" data-e-type=\"container\" data-settings=\"{&quot;background_background&quot;:&quot;classic&quot;}\">\n\t\t\t\t<div class=\"elementor-element elementor-element-8faa28f elementor-view-default elementor-widget elementor-widget-icon\" data-id=\"8faa28f\" data-element_type=\"widget\" data-e-type=\"widget\" data-widget_type=\"icon.default\">\n\t\t\t\t\t\t\t<div class=\"elementor-icon-wrapper\">\n\t\t\t<div class=\"elementor-icon\">\n\t\t\t<svg aria-hidden=\"true\" class=\"e-font-icon-svg e-far-eye\" viewbox=\"0 0 576 512\" xmlns=\"http:\/\/www.w3.org\/2000\/svg\"><path d=\"M288 144a110.94 110.94 0 0 0-31.24 5 55.4 55.4 0 0 1 7.24 27 56 56 0 0 1-56 56 55.4 55.4 0 0 1-27-7.24A111.71 111.71 0 1 0 288 144zm284.52 97.4C518.29 135.59 410.93 64 288 64S57.68 135.64 3.48 241.41a32.35 32.35 0 0 0 0 29.19C57.71 376.41 165.07 448 288 448s230.32-71.64 284.52-177.41a32.35 32.35 0 0 0 0-29.19zM288 400c-98.65 0-189.09-55-237.93-144C98.91 167 189.34 112 288 112s189.09 55 237.93 144C477.1 345 386.66 400 288 400z\"><\/path><\/svg>\t\t\t<\/div>\n\t\t<\/div>\n\t\t\t\t\t\t<\/div>\n\t\t\t\t<\/div>\n\t\t\t\t<div class=\"elementor-element elementor-element-92123fa elementor-widget elementor-widget-heading\" data-id=\"92123fa\" data-element_type=\"widget\" data-e-type=\"widget\" data-widget_type=\"heading.default\">\n\t\t\t\t\t<h3 class=\"elementor-heading-title elementor-size-default\">Nuestra visi\u00f3n<\/h3>\t\t\t\t<\/div>\n\t\t\t\t<div class=\"elementor-element elementor-element-d179499 elementor-widget__width-initial elementor-widget elementor-widget-text-editor\" data-id=\"d179499\" data-element_type=\"widget\" data-e-type=\"widget\" data-widget_type=\"text-editor.default\">\n\t\t\t\t\t\t\t\t\t<p>Cultivar una industria agroalimentaria europea preparada para el futuro, competitiva y sostenible, impulsada por una mano de obra altamente cualificada y adaptable que impulse la innovaci\u00f3n y el crecimiento.<\/p>\t\t\t\t\t\t\t\t<\/div>\n\t\t\t\t<\/div>\n\t\t\t\t\t<\/div>\n\t\t\t\t<\/div>\n\t\t\t\t<\/div>","protected":false},"excerpt":{"rendered":"<p>Acerca de The TAURUS Proyecto El primer Acelerador Europeo del Talento para la industria de fabricaci\u00f3n agroalimentaria, dise\u00f1ado para reciclar y mejorar las capacidades de la mano de obra para los desaf\u00edos de la Industria 4.0 y 5.0. El reto: Cerrar la brecha en la transformaci\u00f3n digital La industria agroalimentaria europea est\u00e1 experimentando una profunda transformaci\u00f3n: una transici\u00f3n hacia un futuro m\u00e1s ecol\u00f3gico y digitalizado. Este [...]<\/p>","protected":false},"author":1,"featured_media":0,"parent":0,"menu_order":0,"comment_status":"closed","ping_status":"closed","template":"","meta":{"footnotes":""},"class_list":["post-183","page","type-page","status-publish","hentry"],"yoast_head":"<!-- This site is optimized with the Yoast SEO plugin v27.4 - https:\/\/yoast.com\/product\/yoast-seo-wordpress\/ -->\n<title>About Us - Taurus<\/title>\n<meta name=\"robots\" content=\"index, follow, max-snippet:-1, max-image-preview:large, max-video-preview:-1\" \/>\n<link rel=\"canonical\" href=\"https:\/\/agrifoodtalent.eu\/es\/about-us\/\" \/>\n<meta property=\"og:locale\" content=\"es_ES\" \/>\n<meta property=\"og:type\" content=\"article\" \/>\n<meta property=\"og:title\" content=\"About Us - Taurus\" \/>\n<meta property=\"og:description\" content=\"About The TAURUS Project The first European Talent Accelerator for the agrifood manufacturing industry, designed to re-skill and up-skill the workforce for the challenges of Industry 4.0 and 5.0. The Challenge: Bridging the Gap in Digital Transformation The European agrifood industry is undergoing a profound transformation\u2014a transition towards a greener and more digitalized future. This [&hellip;]\" \/>\n<meta property=\"og:url\" content=\"https:\/\/agrifoodtalent.eu\/es\/about-us\/\" \/>\n<meta property=\"og:site_name\" content=\"Taurus\" \/>\n<meta property=\"article:modified_time\" content=\"2025-10-28T16:29:15+00:00\" \/>\n<meta property=\"og:image\" content=\"https:\/\/agrifoodtalent.eu\/wp-content\/uploads\/2025\/10\/Screenshot_1-1.webp\" \/>\n\t<meta property=\"og:image:width\" content=\"247\" \/>\n\t<meta property=\"og:image:height\" content=\"243\" \/>\n\t<meta property=\"og:image:type\" content=\"image\/webp\" \/>\n<meta name=\"twitter:card\" content=\"summary_large_image\" \/>\n<meta name=\"twitter:label1\" content=\"Tiempo de lectura\" \/>\n\t<meta name=\"twitter:data1\" content=\"1 minuto\" \/>\n<script type=\"application\/ld+json\" class=\"yoast-schema-graph\">{\"@context\":\"https:\\\/\\\/schema.org\",\"@graph\":[{\"@type\":\"WebPage\",\"@id\":\"https:\\\/\\\/agrifoodtalent.eu\\\/about-us\\\/\",\"url\":\"https:\\\/\\\/agrifoodtalent.eu\\\/about-us\\\/\",\"name\":\"About Us - Taurus\",\"isPartOf\":{\"@id\":\"https:\\\/\\\/agrifoodtalent.eu\\\/#website\"},\"primaryImageOfPage\":{\"@id\":\"https:\\\/\\\/agrifoodtalent.eu\\\/about-us\\\/#primaryimage\"},\"image\":{\"@id\":\"https:\\\/\\\/agrifoodtalent.eu\\\/about-us\\\/#primaryimage\"},\"thumbnailUrl\":\"https:\\\/\\\/agrifoodtalent.eu\\\/wp-content\\\/uploads\\\/2025\\\/10\\\/Screenshot_1-1.webp\",\"datePublished\":\"2025-10-07T08:34:30+00:00\",\"dateModified\":\"2025-10-28T16:29:15+00:00\",\"breadcrumb\":{\"@id\":\"https:\\\/\\\/agrifoodtalent.eu\\\/about-us\\\/#breadcrumb\"},\"inLanguage\":\"es\",\"potentialAction\":[{\"@type\":\"ReadAction\",\"target\":[\"https:\\\/\\\/agrifoodtalent.eu\\\/about-us\\\/\"]}]},{\"@type\":\"ImageObject\",\"inLanguage\":\"es\",\"@id\":\"https:\\\/\\\/agrifoodtalent.eu\\\/about-us\\\/#primaryimage\",\"url\":\"https:\\\/\\\/agrifoodtalent.eu\\\/wp-content\\\/uploads\\\/2025\\\/10\\\/Screenshot_1-1.webp\",\"contentUrl\":\"https:\\\/\\\/agrifoodtalent.eu\\\/wp-content\\\/uploads\\\/2025\\\/10\\\/Screenshot_1-1.webp\"},{\"@type\":\"BreadcrumbList\",\"@id\":\"https:\\\/\\\/agrifoodtalent.eu\\\/about-us\\\/#breadcrumb\",\"itemListElement\":[{\"@type\":\"ListItem\",\"position\":1,\"name\":\"Portada\",\"item\":\"https:\\\/\\\/agrifoodtalent.eu\\\/\"},{\"@type\":\"ListItem\",\"position\":2,\"name\":\"About Us\"}]},{\"@type\":\"WebSite\",\"@id\":\"https:\\\/\\\/agrifoodtalent.eu\\\/#website\",\"url\":\"https:\\\/\\\/agrifoodtalent.eu\\\/\",\"name\":\"Taurus\",\"description\":\"Talent Accelerator for the agrifood manufacturing industry:  Re-skilling and Up-skilling of European workers.\",\"publisher\":{\"@id\":\"https:\\\/\\\/agrifoodtalent.eu\\\/#organization\"},\"potentialAction\":[{\"@type\":\"SearchAction\",\"target\":{\"@type\":\"EntryPoint\",\"urlTemplate\":\"https:\\\/\\\/agrifoodtalent.eu\\\/?s={search_term_string}\"},\"query-input\":{\"@type\":\"PropertyValueSpecification\",\"valueRequired\":true,\"valueName\":\"search_term_string\"}}],\"inLanguage\":\"es\"},{\"@type\":\"Organization\",\"@id\":\"https:\\\/\\\/agrifoodtalent.eu\\\/#organization\",\"name\":\"Taurus\",\"url\":\"https:\\\/\\\/agrifoodtalent.eu\\\/\",\"logo\":{\"@type\":\"ImageObject\",\"inLanguage\":\"es\",\"@id\":\"https:\\\/\\\/agrifoodtalent.eu\\\/#\\\/schema\\\/logo\\\/image\\\/\",\"url\":\"https:\\\/\\\/agrifoodtalent.eu\\\/wp-content\\\/uploads\\\/2025\\\/10\\\/cropped-Favicon-verd-i-taronja.jpg\",\"contentUrl\":\"https:\\\/\\\/agrifoodtalent.eu\\\/wp-content\\\/uploads\\\/2025\\\/10\\\/cropped-Favicon-verd-i-taronja.jpg\",\"width\":512,\"height\":512,\"caption\":\"Taurus\"},\"image\":{\"@id\":\"https:\\\/\\\/agrifoodtalent.eu\\\/#\\\/schema\\\/logo\\\/image\\\/\"}}]}<\/script>\n<!-- \/ Yoast SEO plugin. -->","yoast_head_json":{"title":"About Us - Taurus","robots":{"index":"index","follow":"follow","max-snippet":"max-snippet:-1","max-image-preview":"max-image-preview:large","max-video-preview":"max-video-preview:-1"},"canonical":"https:\/\/agrifoodtalent.eu\/es\/about-us\/","og_locale":"es_ES","og_type":"article","og_title":"About Us - Taurus","og_description":"About The TAURUS Project The first European Talent Accelerator for the agrifood manufacturing industry, designed to re-skill and up-skill the workforce for the challenges of Industry 4.0 and 5.0. The Challenge: Bridging the Gap in Digital Transformation The European agrifood industry is undergoing a profound transformation\u2014a transition towards a greener and more digitalized future. This [&hellip;]","og_url":"https:\/\/agrifoodtalent.eu\/es\/about-us\/","og_site_name":"Taurus","article_modified_time":"2025-10-28T16:29:15+00:00","og_image":[{"width":247,"height":243,"url":"https:\/\/agrifoodtalent.eu\/wp-content\/uploads\/2025\/10\/Screenshot_1-1.webp","type":"image\/webp"}],"twitter_card":"summary_large_image","twitter_misc":{"Tiempo de lectura":"1 minuto"},"schema":{"@context":"https:\/\/schema.org","@graph":[{"@type":"WebPage","@id":"https:\/\/agrifoodtalent.eu\/about-us\/","url":"https:\/\/agrifoodtalent.eu\/about-us\/","name":"About Us - Taurus","isPartOf":{"@id":"https:\/\/agrifoodtalent.eu\/#website"},"primaryImageOfPage":{"@id":"https:\/\/agrifoodtalent.eu\/about-us\/#primaryimage"},"image":{"@id":"https:\/\/agrifoodtalent.eu\/about-us\/#primaryimage"},"thumbnailUrl":"https:\/\/agrifoodtalent.eu\/wp-content\/uploads\/2025\/10\/Screenshot_1-1.webp","datePublished":"2025-10-07T08:34:30+00:00","dateModified":"2025-10-28T16:29:15+00:00","breadcrumb":{"@id":"https:\/\/agrifoodtalent.eu\/about-us\/#breadcrumb"},"inLanguage":"es","potentialAction":[{"@type":"ReadAction","target":["https:\/\/agrifoodtalent.eu\/about-us\/"]}]},{"@type":"ImageObject","inLanguage":"es","@id":"https:\/\/agrifoodtalent.eu\/about-us\/#primaryimage","url":"https:\/\/agrifoodtalent.eu\/wp-content\/uploads\/2025\/10\/Screenshot_1-1.webp","contentUrl":"https:\/\/agrifoodtalent.eu\/wp-content\/uploads\/2025\/10\/Screenshot_1-1.webp"},{"@type":"BreadcrumbList","@id":"https:\/\/agrifoodtalent.eu\/about-us\/#breadcrumb","itemListElement":[{"@type":"ListItem","position":1,"name":"Portada","item":"https:\/\/agrifoodtalent.eu\/"},{"@type":"ListItem","position":2,"name":"About Us"}]},{"@type":"WebSite","@id":"https:\/\/agrifoodtalent.eu\/#website","url":"https:\/\/agrifoodtalent.eu\/","name":"Taurus","description":"Talent Accelerator for the agrifood manufacturing industry:  Re-skilling and Up-skilling of European workers.","publisher":{"@id":"https:\/\/agrifoodtalent.eu\/#organization"},"potentialAction":[{"@type":"SearchAction","target":{"@type":"EntryPoint","urlTemplate":"https:\/\/agrifoodtalent.eu\/?s={search_term_string}"},"query-input":{"@type":"PropertyValueSpecification","valueRequired":true,"valueName":"search_term_string"}}],"inLanguage":"es"},{"@type":"Organization","@id":"https:\/\/agrifoodtalent.eu\/#organization","name":"Taurus","url":"https:\/\/agrifoodtalent.eu\/","logo":{"@type":"ImageObject","inLanguage":"es","@id":"https:\/\/agrifoodtalent.eu\/#\/schema\/logo\/image\/","url":"https:\/\/agrifoodtalent.eu\/wp-content\/uploads\/2025\/10\/cropped-Favicon-verd-i-taronja.jpg","contentUrl":"https:\/\/agrifoodtalent.eu\/wp-content\/uploads\/2025\/10\/cropped-Favicon-verd-i-taronja.jpg","width":512,"height":512,"caption":"Taurus"},"image":{"@id":"https:\/\/agrifoodtalent.eu\/#\/schema\/logo\/image\/"}}]}},"_links":{"self":[{"href":"https:\/\/agrifoodtalent.eu\/es\/wp-json\/wp\/v2\/pages\/183","targetHints":{"allow":["GET"]}}],"collection":[{"href":"https:\/\/agrifoodtalent.eu\/es\/wp-json\/wp\/v2\/pages"}],"about":[{"href":"https:\/\/agrifoodtalent.eu\/es\/wp-json\/wp\/v2\/types\/page"}],"author":[{"embeddable":true,"href":"https:\/\/agrifoodtalent.eu\/es\/wp-json\/wp\/v2\/users\/1"}],"replies":[{"embeddable":true,"href":"https:\/\/agrifoodtalent.eu\/es\/wp-json\/wp\/v2\/comments?post=183"}],"version-history":[{"count":190,"href":"https:\/\/agrifoodtalent.eu\/es\/wp-json\/wp\/v2\/pages\/183\/revisions"}],"predecessor-version":[{"id":2237,"href":"https:\/\/agrifoodtalent.eu\/es\/wp-json\/wp\/v2\/pages\/183\/revisions\/2237"}],"wp:attachment":[{"href":"https:\/\/agrifoodtalent.eu\/es\/wp-json\/wp\/v2\/media?parent=183"}],"curies":[{"name":"wp","href":"https:\/\/api.w.org\/{rel}","templated":true}]}}