{"id":183,"date":"2025-10-07T10:34:30","date_gmt":"2025-10-07T08:34:30","guid":{"rendered":"http:\/\/agrifoodtalent.eu\/?page_id=183"},"modified":"2025-10-28T17:29:15","modified_gmt":"2025-10-28T16:29:15","slug":"about-us","status":"publish","type":"page","link":"https:\/\/agrifoodtalent.eu\/de\/about-us\/","title":{"rendered":"\u00dcber uns"},"content":{"rendered":"<div data-elementor-type=\"wp-page\" data-elementor-id=\"183\" class=\"elementor elementor-183\">\n\t\t\t\t<div class=\"elementor-element elementor-element-ed9c6ea e-flex e-con-boxed e-con e-parent\" data-id=\"ed9c6ea\" data-element_type=\"container\" data-e-type=\"container\">\n\t\t\t\t\t<div class=\"e-con-inner\">\n\t\t\t\t<div class=\"elementor-element elementor-element-6b91786 elementor-widget elementor-widget-heading\" data-id=\"6b91786\" data-element_type=\"widget\" data-e-type=\"widget\" data-widget_type=\"heading.default\">\n\t\t\t\t\t<h2 class=\"elementor-heading-title elementor-size-default\">\u00dcber die TAURUS Projekt<\/h2>\t\t\t\t<\/div>\n\t\t\t\t<div class=\"elementor-element elementor-element-d286b87 elementor-widget__width-initial elementor-widget elementor-widget-text-editor\" data-id=\"d286b87\" data-element_type=\"widget\" data-e-type=\"widget\" data-widget_type=\"text-editor.default\">\n\t\t\t\t\t\t\t\t\t<p>Der erste europ\u00e4ische Talent Accelerator f\u00fcr die Agrar- und Lebensmittelindustrie, mit dem die Arbeitskr\u00e4fte f\u00fcr die Herausforderungen von Industrie 4.0 und 5.0 um- und weitergebildet werden sollen.<\/p>\t\t\t\t\t\t\t\t<\/div>\n\t\t\t\t\t<\/div>\n\t\t\t\t<\/div>\n\t\t<div class=\"elementor-element elementor-element-ebe3980 e-flex e-con-boxed e-con e-parent\" data-id=\"ebe3980\" data-element_type=\"container\" data-e-type=\"container\">\n\t\t\t\t\t<div class=\"e-con-inner\">\n\t\t\t\t<div class=\"elementor-element elementor-element-72e44dc elementor-absolute e-transform elementor-widget elementor-widget-image\" data-id=\"72e44dc\" data-element_type=\"widget\" data-e-type=\"widget\" data-settings=\"{&quot;_position&quot;:&quot;absolute&quot;,&quot;_transform_rotateZ_effect&quot;:{&quot;unit&quot;:&quot;px&quot;,&quot;size&quot;:31,&quot;sizes&quot;:[]},&quot;_transform_rotateZ_effect_tablet&quot;:{&quot;unit&quot;:&quot;deg&quot;,&quot;size&quot;:&quot;&quot;,&quot;sizes&quot;:[]},&quot;_transform_rotateZ_effect_mobile&quot;:{&quot;unit&quot;:&quot;deg&quot;,&quot;size&quot;:&quot;&quot;,&quot;sizes&quot;:[]}}\" data-widget_type=\"image.default\">\n\t\t\t\t\t\t\t\t\t\t\t\t\t\t\t<img fetchpriority=\"high\" decoding=\"async\" width=\"247\" height=\"243\" src=\"https:\/\/agrifoodtalent.eu\/wp-content\/uploads\/2025\/10\/Screenshot_1-1.webp\" class=\"attachment-large size-large wp-image-312\" alt=\"yellow_plane\" \/>\t\t\t\t\t\t\t\t\t\t\t\t\t\t\t<\/div>\n\t\t\t\t\t<\/div>\n\t\t\t\t<\/div>\n\t\t<div class=\"elementor-element elementor-element-ae61708 e-con-full e-flex elementor-invisible e-con e-parent\" data-id=\"ae61708\" data-element_type=\"container\" data-e-type=\"container\" data-settings=\"{&quot;animation&quot;:&quot;fadeInLeft&quot;}\">\n\t\t<div class=\"elementor-element elementor-element-6795c48 e-con-full e-transform us-card e-flex e-con e-child\" data-id=\"6795c48\" data-element_type=\"container\" data-e-type=\"container\" data-settings=\"{&quot;background_background&quot;:&quot;classic&quot;,&quot;_transform_scale_effect_hover&quot;:{&quot;unit&quot;:&quot;px&quot;,&quot;size&quot;:1.05,&quot;sizes&quot;:[]},&quot;_transform_scale_effect_hover_tablet&quot;:{&quot;unit&quot;:&quot;px&quot;,&quot;size&quot;:&quot;&quot;,&quot;sizes&quot;:[]},&quot;_transform_scale_effect_hover_mobile&quot;:{&quot;unit&quot;:&quot;px&quot;,&quot;size&quot;:&quot;&quot;,&quot;sizes&quot;:[]}}\">\n\t\t\t\t<div class=\"elementor-element elementor-element-6d7591d elementor-widget elementor-widget-image\" data-id=\"6d7591d\" data-element_type=\"widget\" data-e-type=\"widget\" data-widget_type=\"image.default\">\n\t\t\t\t\t\t\t\t\t\t\t\t\t\t\t<img decoding=\"async\" width=\"1024\" height=\"683\" src=\"https:\/\/agrifoodtalent.eu\/wp-content\/uploads\/2025\/10\/pexels-shvetsa-5230960-1024x683.jpg\" class=\"attachment-large size-large wp-image-2059\" alt=\"Pflanzentabletten\" srcset=\"https:\/\/agrifoodtalent.eu\/wp-content\/uploads\/2025\/10\/pexels-shvetsa-5230960-1024x683.jpg 1024w, https:\/\/agrifoodtalent.eu\/wp-content\/uploads\/2025\/10\/pexels-shvetsa-5230960-300x200.jpg 300w, https:\/\/agrifoodtalent.eu\/wp-content\/uploads\/2025\/10\/pexels-shvetsa-5230960-768x512.jpg 768w, https:\/\/agrifoodtalent.eu\/wp-content\/uploads\/2025\/10\/pexels-shvetsa-5230960-1536x1024.jpg 1536w, https:\/\/agrifoodtalent.eu\/wp-content\/uploads\/2025\/10\/pexels-shvetsa-5230960-2048x1365.jpg 2048w, https:\/\/agrifoodtalent.eu\/wp-content\/uploads\/2025\/10\/pexels-shvetsa-5230960-18x12.jpg 18w\" sizes=\"(max-width: 1024px) 100vw, 1024px\" \/>\t\t\t\t\t\t\t\t\t\t\t\t\t\t\t<\/div>\n\t\t<div class=\"elementor-element elementor-element-c29fcbd e-con-full e-flex e-con e-child\" data-id=\"c29fcbd\" data-element_type=\"container\" data-e-type=\"container\">\n\t\t\t\t<div class=\"elementor-element elementor-element-9ae0f69 elementor-widget elementor-widget-heading\" data-id=\"9ae0f69\" data-element_type=\"widget\" data-e-type=\"widget\" data-widget_type=\"heading.default\">\n\t\t\t\t\t<h3 class=\"elementor-heading-title elementor-size-default\">Die Herausforderung: \u00dcberwindung der Kluft in der digitalen Transformation<\/h3>\t\t\t\t<\/div>\n\t\t\t\t<div class=\"elementor-element elementor-element-b7f48de elementor-widget elementor-widget-text-editor\" data-id=\"b7f48de\" data-element_type=\"widget\" data-e-type=\"widget\" data-widget_type=\"text-editor.default\">\n\t\t\t\t\t\t\t\t\t<p class=\"text-gray-700 mb-4\">Die europ\u00e4ische Agrar- und Lebensmittelindustrie befindet sich in einem tiefgreifenden Wandel \u2013 einem \u00dcbergang zu einer gr\u00fcneren und st\u00e4rker digitalisierten Zukunft. Dieser Wandel hin zu Industrie 4.0 und 5.0 erfordert neue Technologien, nachhaltige Praktiken und eine Belegschaft, die mit v\u00f6llig neuen F\u00e4higkeiten ausgestattet ist.<\/p><p class=\"text-gray-700\">Viele kleine und mittlere Unternehmen (KMU) stehen vor erheblichen H\u00fcrden, darunter ein Mangel an Know-how, Investitionsherausforderungen und eine kritische L\u00fccke bei den Kompetenzen der Arbeitskr\u00e4fte.<\/p>\t\t\t\t\t\t\t\t<\/div>\n\t\t\t\t<\/div>\n\t\t\t\t<\/div>\n\t\t\t\t<\/div>\n\t\t<div class=\"elementor-element elementor-element-55694a4 e-flex e-con-boxed e-con e-parent\" data-id=\"55694a4\" data-element_type=\"container\" data-e-type=\"container\">\n\t\t\t\t\t<div class=\"e-con-inner\">\n\t\t\t\t<div class=\"elementor-element elementor-element-a867b45 elementor-absolute elementor-widget elementor-widget-image\" data-id=\"a867b45\" data-element_type=\"widget\" data-e-type=\"widget\" data-settings=\"{&quot;_position&quot;:&quot;absolute&quot;}\" data-widget_type=\"image.default\">\n\t\t\t\t\t\t\t\t\t\t\t\t\t\t\t<img decoding=\"async\" width=\"231\" height=\"198\" src=\"https:\/\/agrifoodtalent.eu\/wp-content\/uploads\/2025\/10\/white-cloud.webp\" class=\"attachment-large size-large wp-image-280\" alt=\"Wei\u00df-Wolke\" \/>\t\t\t\t\t\t\t\t\t\t\t\t\t\t\t<\/div>\n\t\t\t\t\t<\/div>\n\t\t\t\t<\/div>\n\t\t<div class=\"elementor-element elementor-element-c89a0d5 e-con-full e-flex elementor-invisible e-con e-parent\" data-id=\"c89a0d5\" data-element_type=\"container\" data-e-type=\"container\" data-settings=\"{&quot;animation&quot;:&quot;fadeInRight&quot;}\">\n\t\t<div class=\"elementor-element elementor-element-c803c59 e-con-full e-transform us-card e-flex e-con e-child\" data-id=\"c803c59\" data-element_type=\"container\" data-e-type=\"container\" data-settings=\"{&quot;background_background&quot;:&quot;classic&quot;,&quot;_transform_scale_effect_hover&quot;:{&quot;unit&quot;:&quot;px&quot;,&quot;size&quot;:1.05,&quot;sizes&quot;:[]},&quot;_transform_scale_effect_hover_tablet&quot;:{&quot;unit&quot;:&quot;px&quot;,&quot;size&quot;:&quot;&quot;,&quot;sizes&quot;:[]},&quot;_transform_scale_effect_hover_mobile&quot;:{&quot;unit&quot;:&quot;px&quot;,&quot;size&quot;:&quot;&quot;,&quot;sizes&quot;:[]}}\">\n\t\t<div class=\"elementor-element elementor-element-b127111 e-con-full e-flex e-con e-child\" data-id=\"b127111\" data-element_type=\"container\" data-e-type=\"container\">\n\t\t\t\t<div class=\"elementor-element elementor-element-234849a elementor-widget elementor-widget-heading\" data-id=\"234849a\" data-element_type=\"widget\" data-e-type=\"widget\" data-widget_type=\"heading.default\">\n\t\t\t\t\t<h3 class=\"elementor-heading-title elementor-size-default\">Unsere L\u00f6sung: Ein Talent Accelerator<\/h3>\t\t\t\t<\/div>\n\t\t\t\t<div class=\"elementor-element elementor-element-1421366 elementor-widget elementor-widget-text-editor\" data-id=\"1421366\" data-element_type=\"widget\" data-e-type=\"widget\" data-widget_type=\"text-editor.default\">\n\t\t\t\t\t\t\t\t\t<p class=\"text-gray-700 mb-4\">TAURUS ist unsere Antwort auf diese Herausforderung. Wir bauen den ersten europ\u00e4ischen Talent Accelerator f\u00fcr die Agrar- und Lebensmittelindustrie \u2013 eine innovative, KI-gest\u00fctzte digitale Plattform, die als Br\u00fccke zwischen den Bed\u00fcrfnissen der Industrie und den F\u00e4higkeiten der Arbeitskr\u00e4fte fungiert.<\/p><p class=\"text-gray-700\">Durch einen Dual-Lab-Ansatz bieten wir KMU strategische Orientierung f\u00fcr ihre digitale Reise und bieten gleichzeitig ma\u00dfgeschneiderte Umschulungs- und Weiterbildungsprogramme f\u00fcr ihre derzeitigen und zuk\u00fcnftigen Mitarbeiter.<\/p>\t\t\t\t\t\t\t\t<\/div>\n\t\t\t\t<\/div>\n\t\t\t\t<div class=\"elementor-element elementor-element-5c29079 elementor-widget elementor-widget-image\" data-id=\"5c29079\" data-element_type=\"widget\" data-e-type=\"widget\" data-widget_type=\"image.default\">\n\t\t\t\t\t\t\t\t\t\t\t\t\t\t\t<img loading=\"lazy\" decoding=\"async\" width=\"1024\" height=\"683\" src=\"https:\/\/agrifoodtalent.eu\/wp-content\/uploads\/2025\/10\/pexels-tima-miroshnichenko-6510867-1024x683.jpg\" class=\"attachment-large size-large wp-image-2076\" alt=\"M\u00e4dchen Tablette\" srcset=\"https:\/\/agrifoodtalent.eu\/wp-content\/uploads\/2025\/10\/pexels-tima-miroshnichenko-6510867-1024x683.jpg 1024w, https:\/\/agrifoodtalent.eu\/wp-content\/uploads\/2025\/10\/pexels-tima-miroshnichenko-6510867-300x200.jpg 300w, https:\/\/agrifoodtalent.eu\/wp-content\/uploads\/2025\/10\/pexels-tima-miroshnichenko-6510867-768x512.jpg 768w, https:\/\/agrifoodtalent.eu\/wp-content\/uploads\/2025\/10\/pexels-tima-miroshnichenko-6510867-1536x1024.jpg 1536w, https:\/\/agrifoodtalent.eu\/wp-content\/uploads\/2025\/10\/pexels-tima-miroshnichenko-6510867-2048x1365.jpg 2048w, https:\/\/agrifoodtalent.eu\/wp-content\/uploads\/2025\/10\/pexels-tima-miroshnichenko-6510867-18x12.jpg 18w\" sizes=\"(max-width: 1024px) 100vw, 1024px\" \/>\t\t\t\t\t\t\t\t\t\t\t\t\t\t\t<\/div>\n\t\t\t\t<\/div>\n\t\t\t\t<\/div>\n\t\t<div class=\"elementor-element elementor-element-0c25612 e-flex e-con-boxed e-con e-parent\" data-id=\"0c25612\" data-element_type=\"container\" data-e-type=\"container\">\n\t\t\t\t\t<div class=\"e-con-inner\">\n\t\t<div class=\"elementor-element elementor-element-11f1ed9 e-con-full e-flex e-con e-child\" data-id=\"11f1ed9\" data-element_type=\"container\" data-e-type=\"container\" data-settings=\"{&quot;background_background&quot;:&quot;classic&quot;}\">\n\t\t<div class=\"elementor-element elementor-element-a8752fa e-con-full about-icono e-flex e-con e-child\" data-id=\"a8752fa\" data-element_type=\"container\" data-e-type=\"container\" data-settings=\"{&quot;background_background&quot;:&quot;classic&quot;}\">\n\t\t\t\t<div class=\"elementor-element elementor-element-2c0e288 elementor-view-default elementor-widget elementor-widget-icon\" data-id=\"2c0e288\" data-element_type=\"widget\" data-e-type=\"widget\" data-widget_type=\"icon.default\">\n\t\t\t\t\t\t\t<div class=\"elementor-icon-wrapper\">\n\t\t\t<div class=\"elementor-icon\">\n\t\t\t<svg aria-hidden=\"true\" class=\"e-font-icon-svg e-far-dot-circle\" viewbox=\"0 0 512 512\" xmlns=\"http:\/\/www.w3.org\/2000\/svg\"><path d=\"M256 56c110.532 0 200 89.451 200 200 0 110.532-89.451 200-200 200-110.532 0-200-89.451-200-200 0-110.532 89.451-200 200-200m0-48C119.033 8 8 119.033 8 256s111.033 248 248 248 248-111.033 248-248S392.967 8 256 8zm0 168c-44.183 0-80 35.817-80 80s35.817 80 80 80 80-35.817 80-80-35.817-80-80-80z\"><\/path><\/svg>\t\t\t<\/div>\n\t\t<\/div>\n\t\t\t\t\t\t<\/div>\n\t\t\t\t<\/div>\n\t\t\t\t<div class=\"elementor-element elementor-element-34f66f1 elementor-widget elementor-widget-heading\" data-id=\"34f66f1\" data-element_type=\"widget\" data-e-type=\"widget\" data-widget_type=\"heading.default\">\n\t\t\t\t\t<h3 class=\"elementor-heading-title elementor-size-default\">Unsere Mission<\/h3>\t\t\t\t<\/div>\n\t\t\t\t<div class=\"elementor-element elementor-element-db55991 elementor-widget__width-initial elementor-widget elementor-widget-text-editor\" data-id=\"db55991\" data-element_type=\"widget\" data-e-type=\"widget\" data-widget_type=\"text-editor.default\">\n\t\t\t\t\t\t\t\t\t<p>\u00dcberbr\u00fcckung der Qualifikationsl\u00fccke im Agrar- und Lebensmittelsektor durch gezielte Schulungen, strategische Beratung und eine kollaborative Plattform, die sowohl Unternehmen als auch Einzelpersonen in die Lage versetzt, im Zeitalter von Industrie 5.0 erfolgreich zu sein.<\/p>\t\t\t\t\t\t\t\t<\/div>\n\t\t\t\t<\/div>\n\t\t<div class=\"elementor-element elementor-element-3e48188 e-con-full e-flex e-con e-child\" data-id=\"3e48188\" data-element_type=\"container\" data-e-type=\"container\" data-settings=\"{&quot;background_background&quot;:&quot;classic&quot;}\">\n\t\t<div class=\"elementor-element elementor-element-cdc1fb7 e-con-full about-icono e-flex e-con e-child\" data-id=\"cdc1fb7\" data-element_type=\"container\" data-e-type=\"container\" data-settings=\"{&quot;background_background&quot;:&quot;classic&quot;}\">\n\t\t\t\t<div class=\"elementor-element elementor-element-8faa28f elementor-view-default elementor-widget elementor-widget-icon\" data-id=\"8faa28f\" data-element_type=\"widget\" data-e-type=\"widget\" data-widget_type=\"icon.default\">\n\t\t\t\t\t\t\t<div class=\"elementor-icon-wrapper\">\n\t\t\t<div class=\"elementor-icon\">\n\t\t\t<svg aria-hidden=\"true\" class=\"e-font-icon-svg e-far-eye\" viewbox=\"0 0 576 512\" xmlns=\"http:\/\/www.w3.org\/2000\/svg\"><path d=\"M288 144a110.94 110.94 0 0 0-31.24 5 55.4 55.4 0 0 1 7.24 27 56 56 0 0 1-56 56 55.4 55.4 0 0 1-27-7.24A111.71 111.71 0 1 0 288 144zm284.52 97.4C518.29 135.59 410.93 64 288 64S57.68 135.64 3.48 241.41a32.35 32.35 0 0 0 0 29.19C57.71 376.41 165.07 448 288 448s230.32-71.64 284.52-177.41a32.35 32.35 0 0 0 0-29.19zM288 400c-98.65 0-189.09-55-237.93-144C98.91 167 189.34 112 288 112s189.09 55 237.93 144C477.1 345 386.66 400 288 400z\"><\/path><\/svg>\t\t\t<\/div>\n\t\t<\/div>\n\t\t\t\t\t\t<\/div>\n\t\t\t\t<\/div>\n\t\t\t\t<div class=\"elementor-element elementor-element-92123fa elementor-widget elementor-widget-heading\" data-id=\"92123fa\" data-element_type=\"widget\" data-e-type=\"widget\" data-widget_type=\"heading.default\">\n\t\t\t\t\t<h3 class=\"elementor-heading-title elementor-size-default\">Unsere Vision<\/h3>\t\t\t\t<\/div>\n\t\t\t\t<div class=\"elementor-element elementor-element-d179499 elementor-widget__width-initial elementor-widget elementor-widget-text-editor\" data-id=\"d179499\" data-element_type=\"widget\" data-e-type=\"widget\" data-widget_type=\"text-editor.default\">\n\t\t\t\t\t\t\t\t\t<p>Aufbau einer zukunftsf\u00e4higen, wettbewerbsf\u00e4higen und nachhaltigen europ\u00e4ischen Agrar- und Lebensmittelindustrie, die von hochqualifizierten und anpassungsf\u00e4higen Arbeitskr\u00e4ften angetrieben wird, die Innovation und Wachstum vorantreiben.<\/p>\t\t\t\t\t\t\t\t<\/div>\n\t\t\t\t<\/div>\n\t\t\t\t\t<\/div>\n\t\t\t\t<\/div>\n\t\t\t\t<\/div>","protected":false},"excerpt":{"rendered":"<p>\u00dcber die TAURUS Projekt Der erste europ\u00e4ische Talentbeschleuniger f\u00fcr die Agrar- und Lebensmittelindustrie, mit dem die Arbeitskr\u00e4fte f\u00fcr die Herausforderungen von Industrie 4.0 und 5.0 um- und weitergebildet werden sollen. Die Herausforderung: \u00dcberwindung der Kluft beim digitalen Wandel Die europ\u00e4ische Agrar- und Lebensmittelindustrie befindet sich in einem tiefgreifenden Wandel \u2013 einem \u00dcbergang zu einer gr\u00fcneren und st\u00e4rker digitalisierten Zukunft. Diese [...]<\/p>","protected":false},"author":1,"featured_media":0,"parent":0,"menu_order":0,"comment_status":"closed","ping_status":"closed","template":"","meta":{"footnotes":""},"class_list":["post-183","page","type-page","status-publish","hentry"],"yoast_head":"<!-- This site is optimized with the Yoast SEO plugin v27.4 - https:\/\/yoast.com\/product\/yoast-seo-wordpress\/ -->\n<title>About Us - Taurus<\/title>\n<meta name=\"robots\" content=\"index, follow, max-snippet:-1, max-image-preview:large, max-video-preview:-1\" \/>\n<link rel=\"canonical\" href=\"https:\/\/agrifoodtalent.eu\/de\/about-us\/\" \/>\n<meta property=\"og:locale\" content=\"de_DE\" \/>\n<meta property=\"og:type\" content=\"article\" \/>\n<meta property=\"og:title\" content=\"About Us - Taurus\" \/>\n<meta property=\"og:description\" content=\"About The TAURUS Project The first European Talent Accelerator for the agrifood manufacturing industry, designed to re-skill and up-skill the workforce for the challenges of Industry 4.0 and 5.0. The Challenge: Bridging the Gap in Digital Transformation The European agrifood industry is undergoing a profound transformation\u2014a transition towards a greener and more digitalized future. This [&hellip;]\" \/>\n<meta property=\"og:url\" content=\"https:\/\/agrifoodtalent.eu\/de\/about-us\/\" \/>\n<meta property=\"og:site_name\" content=\"Taurus\" \/>\n<meta property=\"article:modified_time\" content=\"2025-10-28T16:29:15+00:00\" \/>\n<meta property=\"og:image\" content=\"https:\/\/agrifoodtalent.eu\/wp-content\/uploads\/2025\/10\/Screenshot_1-1.webp\" \/>\n\t<meta property=\"og:image:width\" content=\"247\" \/>\n\t<meta property=\"og:image:height\" content=\"243\" \/>\n\t<meta property=\"og:image:type\" content=\"image\/webp\" \/>\n<meta name=\"twitter:card\" content=\"summary_large_image\" \/>\n<meta name=\"twitter:label1\" content=\"Gesch\u00e4tzte Lesezeit\" \/>\n\t<meta name=\"twitter:data1\" content=\"1\u00a0Minute\" \/>\n<script type=\"application\/ld+json\" class=\"yoast-schema-graph\">{\"@context\":\"https:\\\/\\\/schema.org\",\"@graph\":[{\"@type\":\"WebPage\",\"@id\":\"https:\\\/\\\/agrifoodtalent.eu\\\/about-us\\\/\",\"url\":\"https:\\\/\\\/agrifoodtalent.eu\\\/about-us\\\/\",\"name\":\"About Us - Taurus\",\"isPartOf\":{\"@id\":\"https:\\\/\\\/agrifoodtalent.eu\\\/#website\"},\"primaryImageOfPage\":{\"@id\":\"https:\\\/\\\/agrifoodtalent.eu\\\/about-us\\\/#primaryimage\"},\"image\":{\"@id\":\"https:\\\/\\\/agrifoodtalent.eu\\\/about-us\\\/#primaryimage\"},\"thumbnailUrl\":\"https:\\\/\\\/agrifoodtalent.eu\\\/wp-content\\\/uploads\\\/2025\\\/10\\\/Screenshot_1-1.webp\",\"datePublished\":\"2025-10-07T08:34:30+00:00\",\"dateModified\":\"2025-10-28T16:29:15+00:00\",\"breadcrumb\":{\"@id\":\"https:\\\/\\\/agrifoodtalent.eu\\\/about-us\\\/#breadcrumb\"},\"inLanguage\":\"de\",\"potentialAction\":[{\"@type\":\"ReadAction\",\"target\":[\"https:\\\/\\\/agrifoodtalent.eu\\\/about-us\\\/\"]}]},{\"@type\":\"ImageObject\",\"inLanguage\":\"de\",\"@id\":\"https:\\\/\\\/agrifoodtalent.eu\\\/about-us\\\/#primaryimage\",\"url\":\"https:\\\/\\\/agrifoodtalent.eu\\\/wp-content\\\/uploads\\\/2025\\\/10\\\/Screenshot_1-1.webp\",\"contentUrl\":\"https:\\\/\\\/agrifoodtalent.eu\\\/wp-content\\\/uploads\\\/2025\\\/10\\\/Screenshot_1-1.webp\"},{\"@type\":\"BreadcrumbList\",\"@id\":\"https:\\\/\\\/agrifoodtalent.eu\\\/about-us\\\/#breadcrumb\",\"itemListElement\":[{\"@type\":\"ListItem\",\"position\":1,\"name\":\"Portada\",\"item\":\"https:\\\/\\\/agrifoodtalent.eu\\\/\"},{\"@type\":\"ListItem\",\"position\":2,\"name\":\"About Us\"}]},{\"@type\":\"WebSite\",\"@id\":\"https:\\\/\\\/agrifoodtalent.eu\\\/#website\",\"url\":\"https:\\\/\\\/agrifoodtalent.eu\\\/\",\"name\":\"Taurus\",\"description\":\"Talent Accelerator for the agrifood manufacturing industry:  Re-skilling and Up-skilling of European workers.\",\"publisher\":{\"@id\":\"https:\\\/\\\/agrifoodtalent.eu\\\/#organization\"},\"potentialAction\":[{\"@type\":\"SearchAction\",\"target\":{\"@type\":\"EntryPoint\",\"urlTemplate\":\"https:\\\/\\\/agrifoodtalent.eu\\\/?s={search_term_string}\"},\"query-input\":{\"@type\":\"PropertyValueSpecification\",\"valueRequired\":true,\"valueName\":\"search_term_string\"}}],\"inLanguage\":\"de\"},{\"@type\":\"Organization\",\"@id\":\"https:\\\/\\\/agrifoodtalent.eu\\\/#organization\",\"name\":\"Taurus\",\"url\":\"https:\\\/\\\/agrifoodtalent.eu\\\/\",\"logo\":{\"@type\":\"ImageObject\",\"inLanguage\":\"de\",\"@id\":\"https:\\\/\\\/agrifoodtalent.eu\\\/#\\\/schema\\\/logo\\\/image\\\/\",\"url\":\"https:\\\/\\\/agrifoodtalent.eu\\\/wp-content\\\/uploads\\\/2025\\\/10\\\/cropped-Favicon-verd-i-taronja.jpg\",\"contentUrl\":\"https:\\\/\\\/agrifoodtalent.eu\\\/wp-content\\\/uploads\\\/2025\\\/10\\\/cropped-Favicon-verd-i-taronja.jpg\",\"width\":512,\"height\":512,\"caption\":\"Taurus\"},\"image\":{\"@id\":\"https:\\\/\\\/agrifoodtalent.eu\\\/#\\\/schema\\\/logo\\\/image\\\/\"}}]}<\/script>\n<!-- \/ Yoast SEO plugin. -->","yoast_head_json":{"title":"About Us - Taurus","robots":{"index":"index","follow":"follow","max-snippet":"max-snippet:-1","max-image-preview":"max-image-preview:large","max-video-preview":"max-video-preview:-1"},"canonical":"https:\/\/agrifoodtalent.eu\/de\/about-us\/","og_locale":"de_DE","og_type":"article","og_title":"About Us - Taurus","og_description":"About The TAURUS Project The first European Talent Accelerator for the agrifood manufacturing industry, designed to re-skill and up-skill the workforce for the challenges of Industry 4.0 and 5.0. The Challenge: Bridging the Gap in Digital Transformation The European agrifood industry is undergoing a profound transformation\u2014a transition towards a greener and more digitalized future. This [&hellip;]","og_url":"https:\/\/agrifoodtalent.eu\/de\/about-us\/","og_site_name":"Taurus","article_modified_time":"2025-10-28T16:29:15+00:00","og_image":[{"width":247,"height":243,"url":"https:\/\/agrifoodtalent.eu\/wp-content\/uploads\/2025\/10\/Screenshot_1-1.webp","type":"image\/webp"}],"twitter_card":"summary_large_image","twitter_misc":{"Gesch\u00e4tzte Lesezeit":"1\u00a0Minute"},"schema":{"@context":"https:\/\/schema.org","@graph":[{"@type":"WebPage","@id":"https:\/\/agrifoodtalent.eu\/about-us\/","url":"https:\/\/agrifoodtalent.eu\/about-us\/","name":"About Us - Taurus","isPartOf":{"@id":"https:\/\/agrifoodtalent.eu\/#website"},"primaryImageOfPage":{"@id":"https:\/\/agrifoodtalent.eu\/about-us\/#primaryimage"},"image":{"@id":"https:\/\/agrifoodtalent.eu\/about-us\/#primaryimage"},"thumbnailUrl":"https:\/\/agrifoodtalent.eu\/wp-content\/uploads\/2025\/10\/Screenshot_1-1.webp","datePublished":"2025-10-07T08:34:30+00:00","dateModified":"2025-10-28T16:29:15+00:00","breadcrumb":{"@id":"https:\/\/agrifoodtalent.eu\/about-us\/#breadcrumb"},"inLanguage":"de","potentialAction":[{"@type":"ReadAction","target":["https:\/\/agrifoodtalent.eu\/about-us\/"]}]},{"@type":"ImageObject","inLanguage":"de","@id":"https:\/\/agrifoodtalent.eu\/about-us\/#primaryimage","url":"https:\/\/agrifoodtalent.eu\/wp-content\/uploads\/2025\/10\/Screenshot_1-1.webp","contentUrl":"https:\/\/agrifoodtalent.eu\/wp-content\/uploads\/2025\/10\/Screenshot_1-1.webp"},{"@type":"BreadcrumbList","@id":"https:\/\/agrifoodtalent.eu\/about-us\/#breadcrumb","itemListElement":[{"@type":"ListItem","position":1,"name":"Portada","item":"https:\/\/agrifoodtalent.eu\/"},{"@type":"ListItem","position":2,"name":"About Us"}]},{"@type":"WebSite","@id":"https:\/\/agrifoodtalent.eu\/#website","url":"https:\/\/agrifoodtalent.eu\/","name":"Taurus","description":"Talent Accelerator for the agrifood manufacturing industry:  Re-skilling and Up-skilling of European workers.","publisher":{"@id":"https:\/\/agrifoodtalent.eu\/#organization"},"potentialAction":[{"@type":"SearchAction","target":{"@type":"EntryPoint","urlTemplate":"https:\/\/agrifoodtalent.eu\/?s={search_term_string}"},"query-input":{"@type":"PropertyValueSpecification","valueRequired":true,"valueName":"search_term_string"}}],"inLanguage":"de"},{"@type":"Organization","@id":"https:\/\/agrifoodtalent.eu\/#organization","name":"Taurus","url":"https:\/\/agrifoodtalent.eu\/","logo":{"@type":"ImageObject","inLanguage":"de","@id":"https:\/\/agrifoodtalent.eu\/#\/schema\/logo\/image\/","url":"https:\/\/agrifoodtalent.eu\/wp-content\/uploads\/2025\/10\/cropped-Favicon-verd-i-taronja.jpg","contentUrl":"https:\/\/agrifoodtalent.eu\/wp-content\/uploads\/2025\/10\/cropped-Favicon-verd-i-taronja.jpg","width":512,"height":512,"caption":"Taurus"},"image":{"@id":"https:\/\/agrifoodtalent.eu\/#\/schema\/logo\/image\/"}}]}},"_links":{"self":[{"href":"https:\/\/agrifoodtalent.eu\/de\/wp-json\/wp\/v2\/pages\/183","targetHints":{"allow":["GET"]}}],"collection":[{"href":"https:\/\/agrifoodtalent.eu\/de\/wp-json\/wp\/v2\/pages"}],"about":[{"href":"https:\/\/agrifoodtalent.eu\/de\/wp-json\/wp\/v2\/types\/page"}],"author":[{"embeddable":true,"href":"https:\/\/agrifoodtalent.eu\/de\/wp-json\/wp\/v2\/users\/1"}],"replies":[{"embeddable":true,"href":"https:\/\/agrifoodtalent.eu\/de\/wp-json\/wp\/v2\/comments?post=183"}],"version-history":[{"count":190,"href":"https:\/\/agrifoodtalent.eu\/de\/wp-json\/wp\/v2\/pages\/183\/revisions"}],"predecessor-version":[{"id":2237,"href":"https:\/\/agrifoodtalent.eu\/de\/wp-json\/wp\/v2\/pages\/183\/revisions\/2237"}],"wp:attachment":[{"href":"https:\/\/agrifoodtalent.eu\/de\/wp-json\/wp\/v2\/media?parent=183"}],"curies":[{"name":"wp","href":"https:\/\/api.w.org\/{rel}","templated":true}]}}